{"id":17922,"date":"2024-03-27T08:45:40","date_gmt":"2024-03-27T14:45:40","guid":{"rendered":"https:\/\/www.possehl.mx\/?post_type=product&#038;p=17922"},"modified":"2024-03-27T13:57:51","modified_gmt":"2024-03-27T19:57:51","slug":"possalc-2","status":"publish","type":"product","link":"https:\/\/www.possehl.mx\/en\/productos\/cosmetic\/talcos-cosmeticos-en-cosmetic\/possalc-2\/","title":{"rendered":"POSSALC"},"content":{"rendered":"<div class=\"wpb-content-wrapper\"><p>[vc_row][vc_column][vc_column_text text_larger=&#8221;no&#8221;]El talco es un mineral con estructura laminar que se caracteriza por ser el mineral conocido m\u00e1s blando de nuestro planeta, teniendo el n\u00famero &lt;1&gt; en la escala Mohs. Desde el punto de vista qu\u00edmico, se trata de un silicato de magnesio hidratado. En su extracci\u00f3n, puede estar acompa\u00f1ado de minerales como \u00f3xido de aluminio, dolomita y magnesita. Dependiendo del origen geol\u00f3gico de la roca, cada combinaci\u00f3n con los minerales asociados implica que el talco tendr\u00e1 propiedades \u00fanicas y definidas. Es por ello que existe un amplio rango de grados y, por tanto, de aplicaciones y procesos industriales donde es utilizado, siendo los talcos de alta pureza y excelente blancura los m\u00e1s aptos para diversas aplicaciones.<\/p>\n<p>Su f\u00f3rmula qu\u00edmica es: Mg3Si4O10(OH)2]<\/p>\n<p>AN\u00c1LISIS QU\u00cdMICO<br \/>\nComposici\u00f3n &#8211; Especificaci\u00f3n<br \/>\nSiO2 59 % M\u00edn.<br \/>\nMgO 31 % M\u00edn.<br \/>\nCaO 0.7 % M\u00e1x.<br \/>\nFe2O3 0.5 % M\u00e1x.<br \/>\nAl2O3 0.3 % M\u00e1x.<br \/>\nL.O.I. (1000 \u00b0C) 7.5 % M\u00e1x.<br \/>\nSolubles en \u00e1cido 5.0 % M\u00e1x.<\/p>\n<p>[\/vc_column_text][\/vc_column][\/vc_row]<\/p>\n<\/div>","protected":false},"excerpt":{"rendered":"<p>Talco micronizado [silicato de magnesio hidratado de f\u00f3rmula Mg3Si4O10(OH)2], con estructura laminar, alta pureza qu\u00edmica y excelente blancura.<\/p>\n<p>El producto tiene una presentaci\u00f3n con estructura laminar, alta pureza qu\u00edmica y excelente blancura en sacos de: 12.5Kg, 20Kg y 25Kg, Big Bag de 0.5TM y 1.0TM<\/p>\n","protected":false},"featured_media":3787,"template":"","meta":[],"product_brand":[],"product_cat":[189,119],"product_tag":[],"class_list":{"0":"post-17922","1":"product","2":"type-product","3":"status-publish","4":"has-post-thumbnail","6":"product_cat-talcos-cosmeticos","7":"product_cat-cosmeticos","9":"first","10":"instock","11":"downloadable","12":"product-type-simple"},"_links":{"self":[{"href":"https:\/\/www.possehl.mx\/en\/wp-json\/wp\/v2\/product\/17922","targetHints":{"allow":["GET"]}}],"collection":[{"href":"https:\/\/www.possehl.mx\/en\/wp-json\/wp\/v2\/product"}],"about":[{"href":"https:\/\/www.possehl.mx\/en\/wp-json\/wp\/v2\/types\/product"}],"wp:featuredmedia":[{"embeddable":true,"href":"https:\/\/www.possehl.mx\/en\/wp-json\/wp\/v2\/media\/3787"}],"wp:attachment":[{"href":"https:\/\/www.possehl.mx\/en\/wp-json\/wp\/v2\/media?parent=17922"}],"wp:term":[{"taxonomy":"product_brand","embeddable":true,"href":"https:\/\/www.possehl.mx\/en\/wp-json\/wp\/v2\/product_brand?post=17922"},{"taxonomy":"product_cat","embeddable":true,"href":"https:\/\/www.possehl.mx\/en\/wp-json\/wp\/v2\/product_cat?post=17922"},{"taxonomy":"product_tag","embeddable":true,"href":"https:\/\/www.possehl.mx\/en\/wp-json\/wp\/v2\/product_tag?post=17922"}],"curies":[{"name":"wp","href":"https:\/\/api.w.org\/{rel}","templated":true}]}}