{"id":3127,"date":"2020-01-22T05:06:42","date_gmt":"2020-01-22T11:06:42","guid":{"rendered":"http:\/\/localhost:8888\/possehl\/product\/benzoato-de-sodio-granular\/"},"modified":"2022-07-11T22:58:35","modified_gmt":"2022-07-12T03:58:35","slug":"benzoato-de-sodio","status":"publish","type":"product","link":"https:\/\/www.possehl.mx\/en\/productos\/food-and-beverage\/preservatives\/benzoato-de-sodio\/","title":{"rendered":"BENZOATO DE SODIO"},"content":{"rendered":"<div class=\"wpb-content-wrapper\"><p>[vc_row][vc_column][vc_column_text text_larger=&#8221;no&#8221;]El benzoato de sodio es un conservador alimentario que prolongan la vida en almac\u00e9n de los alimentos protegi\u00e9ndolos del deterioro ocasionado por microorganismos.<\/p>\n<p>AN\u00c1LISIS QU\u00cdMICO<br \/>\nComposici\u00f3n Especificaci\u00f3n<br \/>\nPureza 99.5-100.5<br \/>\nAcidez o alcalinidad Pasar la prueba BP2012<br \/>\nP\u00e9rdida al secado 2.0 % M\u00e1x.<br \/>\nMetales pesados 0.001 % M\u00e1x.<br \/>\nCloruro ionizado 0.02 % M\u00e1x.<br \/>\nCloruro total 0.03 % M\u00e1x.[\/vc_column_text][\/vc_column][\/vc_row]<\/p>\n<\/div>","protected":false},"excerpt":{"rendered":"<p>Sal s\u00f3dica del \u00e1cido benzoico, conocida tambi\u00e9n como sal de sodio del \u00e1cido fenilcarbox\u00edlico. Se presenta como peque\u00f1os gr\u00e1nulos de color blanco.<\/p>\n<p>El producto tiene una presentaci\u00f3n como gr\u00e1nulos de color blanco, en saco de: 25 Kg y 1 TM<\/p>\n","protected":false},"featured_media":3086,"template":"","meta":[],"product_brand":[],"product_cat":[89,121],"product_tag":[],"class_list":{"0":"post-3127","1":"product","2":"type-product","3":"status-publish","4":"has-post-thumbnail","6":"product_cat-alimentos-y-bebidas","7":"product_cat-conservadores","9":"first","10":"instock","11":"downloadable","12":"virtual","13":"product-type-simple"},"_links":{"self":[{"href":"https:\/\/www.possehl.mx\/en\/wp-json\/wp\/v2\/product\/3127","targetHints":{"allow":["GET"]}}],"collection":[{"href":"https:\/\/www.possehl.mx\/en\/wp-json\/wp\/v2\/product"}],"about":[{"href":"https:\/\/www.possehl.mx\/en\/wp-json\/wp\/v2\/types\/product"}],"wp:featuredmedia":[{"embeddable":true,"href":"https:\/\/www.possehl.mx\/en\/wp-json\/wp\/v2\/media\/3086"}],"wp:attachment":[{"href":"https:\/\/www.possehl.mx\/en\/wp-json\/wp\/v2\/media?parent=3127"}],"wp:term":[{"taxonomy":"product_brand","embeddable":true,"href":"https:\/\/www.possehl.mx\/en\/wp-json\/wp\/v2\/product_brand?post=3127"},{"taxonomy":"product_cat","embeddable":true,"href":"https:\/\/www.possehl.mx\/en\/wp-json\/wp\/v2\/product_cat?post=3127"},{"taxonomy":"product_tag","embeddable":true,"href":"https:\/\/www.possehl.mx\/en\/wp-json\/wp\/v2\/product_tag?post=3127"}],"curies":[{"name":"wp","href":"https:\/\/api.w.org\/{rel}","templated":true}]}}