{"id":3139,"date":"2020-01-22T05:06:42","date_gmt":"2020-01-22T04:06:42","guid":{"rendered":"http:\/\/localhost:8888\/possehl\/product\/alumina-calcinada-a2-325-mallas\/"},"modified":"2024-08-15T10:56:04","modified_gmt":"2024-08-15T16:56:04","slug":"alumina-hidratada","status":"publish","type":"product","link":"https:\/\/www.possehl.mx\/en\/productos\/paint-and-plastics\/aluminium-trihydrate\/alumina-hidratada\/","title":{"rendered":"AL\u00daMINA HIDRATADA"},"content":{"rendered":"<div class=\"wpb-content-wrapper\"><p>[vc_row][vc_column][vc_column_text text_larger=&#8221;no&#8221;]Es la forma m\u00e1s estable del aluminio en condiciones normales. Para su comercializaci\u00f3n, es principalmente producido qu\u00edmicamente partir de bauxita procesada a trav\u00e9s del proceso Bayer. Dicho mineral se refina para obtener un polvo blanco de alta pureza, aunque se puede encontrar naturalmente como giddsita.<\/p>\n<p>Al(OH)3 AN\u00c1LISIS QU\u00cdMICO<\/p>\n<p>Composici\u00f3n &#8211; Especificaci\u00f3n<\/p>\n<p>Al(OH)3 99.50 % M\u00edn.<\/p>\n<p>SiO2 0.02 % M\u00e1x.<\/p>\n<p>Fe2O3 0.02 % M\u00e1x.<\/p>\n<p>Humedad 0.50 M\u00e1x.<\/p>\n<p>TAMA\u00d1OS DE PART\u00cdCULA: 1.4 &#8211; 100\u00b5m[\/vc_column_text][\/vc_column][\/vc_row]<\/p>\n<\/div>","protected":false},"excerpt":{"rendered":"<p>Trihidrato de aluminio, tambi\u00e9n conocido como trihidr\u00f3xido de aluminio, ATH, o trihidrato de al\u00famina, producido a partir mineral de bauxita. Este mineral natural se refina para obtener un polvo blanco fino de alta pureza.<\/p>\n<p>El producto tiene una presentaci\u00f3n como polvo blanco fino de alta pureza en sacos de: 12.5Kg, 20Kg, 25Kg, 40Kg, Big Bag 1TM y granel.<\/p>\n","protected":false},"featured_media":3476,"template":"","meta":[],"product_brand":[],"product_cat":[99,122],"product_tag":[],"class_list":{"0":"post-3139","1":"product","2":"type-product","3":"status-publish","4":"has-post-thumbnail","6":"product_cat-plasticos-y-pinturas","7":"product_cat-alumina-trihidratada","9":"first","10":"instock","11":"downloadable","12":"virtual","13":"product-type-simple"},"_links":{"self":[{"href":"https:\/\/www.possehl.mx\/en\/wp-json\/wp\/v2\/product\/3139","targetHints":{"allow":["GET"]}}],"collection":[{"href":"https:\/\/www.possehl.mx\/en\/wp-json\/wp\/v2\/product"}],"about":[{"href":"https:\/\/www.possehl.mx\/en\/wp-json\/wp\/v2\/types\/product"}],"wp:featuredmedia":[{"embeddable":true,"href":"https:\/\/www.possehl.mx\/en\/wp-json\/wp\/v2\/media\/3476"}],"wp:attachment":[{"href":"https:\/\/www.possehl.mx\/en\/wp-json\/wp\/v2\/media?parent=3139"}],"wp:term":[{"taxonomy":"product_brand","embeddable":true,"href":"https:\/\/www.possehl.mx\/en\/wp-json\/wp\/v2\/product_brand?post=3139"},{"taxonomy":"product_cat","embeddable":true,"href":"https:\/\/www.possehl.mx\/en\/wp-json\/wp\/v2\/product_cat?post=3139"},{"taxonomy":"product_tag","embeddable":true,"href":"https:\/\/www.possehl.mx\/en\/wp-json\/wp\/v2\/product_tag?post=3139"}],"curies":[{"name":"wp","href":"https:\/\/api.w.org\/{rel}","templated":true}]}}