{"id":3831,"date":"2020-07-29T21:30:20","date_gmt":"2020-07-30T02:30:20","guid":{"rendered":"https:\/\/www.possehl.mx\/product\/sin%20categor\u00eda\/cloruro-de-colina-hb\/"},"modified":"2022-07-11T23:05:56","modified_gmt":"2022-07-12T04:05:56","slug":"cloruro-de-colina-hb","status":"publish","type":"product","link":"https:\/\/www.possehl.mx\/en\/productos\/animal-feed\/food-grade-amino-acids\/cloruro-de-colina-hb\/","title":{"rendered":"CLORURO DE COLINA HB"},"content":{"rendered":"<p>El cloruro de colina es una amina cuaternaria saturada.<\/p>\n<p>Su f\u00f3rmula qu\u00edmica es: (CH3)3N+CH2CH2OHX-Cl<\/p>\n<p>AN\u00c1LISIS QU\u00cdMICO<br \/>\nComposici\u00f3n &#8211; Especificaci\u00f3n<br \/>\nCloruro de Colina 60.0 % M\u00edn.<br \/>\nVeh\u00edculo \u201cCorn cob\u201d<br \/>\nTrimetilamina 300 mg\/kg M\u00e1x.<br \/>\nMetales pesados totales 20 mg\/kg M\u00e1x.<br \/>\nP\u00e9rdida al secado 4.0 % M\u00e1x.<\/p>\n<p>Producto que se utiliza en la misma industria: Treonina, Lisina, Metionina, Oxido de Magnesio, Sulfato de Manganeso, Sulfato ferroso, carbonato Ferroso , Tricalfos y \u00e1cido c\u00edtrico.<\/p>\n<p>&nbsp;<\/p>\n","protected":false},"excerpt":{"rendered":"<p>Amina cuaternaria saturada cuya f\u00f3rmula qu\u00edmica es C5H14NOCl (Cloruro de 2-hidroxi-N,N,N-Trimetilamonio) clasificada com\u00fanmente como una vitamina del complejo B. El producto tiene una concentraci\u00f3n m\u00ednima de 60% (en zura como veh\u00edculo [corn-cob]).<\/p>\n<p>El producto tiene una concentraci\u00f3n m\u00ednima del 60%, en zura como veh\u00edculo (corn-cob).<br \/>\nSacos de: 25 KG, 0.50 TM y Pallets de 1TM<\/p>\n","protected":false},"featured_media":3731,"template":"","meta":[],"product_brand":[],"product_cat":[128,95],"product_tag":[],"class_list":{"0":"post-3831","1":"product","2":"type-product","3":"status-publish","4":"has-post-thumbnail","6":"product_cat-aminoacidos-de-grado-alimenticio","7":"product_cat-nutricion-animal","9":"first","10":"instock","11":"downloadable","12":"product-type-simple"},"_links":{"self":[{"href":"https:\/\/www.possehl.mx\/en\/wp-json\/wp\/v2\/product\/3831","targetHints":{"allow":["GET"]}}],"collection":[{"href":"https:\/\/www.possehl.mx\/en\/wp-json\/wp\/v2\/product"}],"about":[{"href":"https:\/\/www.possehl.mx\/en\/wp-json\/wp\/v2\/types\/product"}],"wp:featuredmedia":[{"embeddable":true,"href":"https:\/\/www.possehl.mx\/en\/wp-json\/wp\/v2\/media\/3731"}],"wp:attachment":[{"href":"https:\/\/www.possehl.mx\/en\/wp-json\/wp\/v2\/media?parent=3831"}],"wp:term":[{"taxonomy":"product_brand","embeddable":true,"href":"https:\/\/www.possehl.mx\/en\/wp-json\/wp\/v2\/product_brand?post=3831"},{"taxonomy":"product_cat","embeddable":true,"href":"https:\/\/www.possehl.mx\/en\/wp-json\/wp\/v2\/product_cat?post=3831"},{"taxonomy":"product_tag","embeddable":true,"href":"https:\/\/www.possehl.mx\/en\/wp-json\/wp\/v2\/product_tag?post=3831"}],"curies":[{"name":"wp","href":"https:\/\/api.w.org\/{rel}","templated":true}]}}