{"id":3832,"date":"2020-07-29T21:30:20","date_gmt":"2020-07-30T02:30:20","guid":{"rendered":"https:\/\/www.possehl.mx\/product\/sin%20categor\u00eda\/dl-metionina\/"},"modified":"2022-07-11T23:07:43","modified_gmt":"2022-07-12T04:07:43","slug":"dl-metionina","status":"publish","type":"product","link":"https:\/\/www.possehl.mx\/en\/productos\/animal-feed\/food-grade-amino-acids\/dl-metionina\/","title":{"rendered":"DL-METIONINA"},"content":{"rendered":"<p>La metionina (abreviada como Met o M) es un amino\u00e1cido hidr\u00f3fobo, cuya f\u00f3rmula qu\u00edmica es: HO2CCH(NH2)CH2CH2SCH3. Al ser hidr\u00f3fobo este amino\u00e1cido esencial est\u00e1 clasificado como no polar. Se presenta como una mezcla rac\u00e9mica en granulado que oscila del blanco beige al amarillo claro.<\/p>\n<p>Su f\u00f3rmula qu\u00edmica es: HO2CCH(NH2)CH2CH2SCH3<\/p>\n<p>AN\u00c1LISIS QU\u00cdMICO<br \/>\nComposici\u00f3n &#8211; Especificaci\u00f3n<br \/>\nDL-Metionina &gt; 98.5 %<br \/>\nP\u00e9rdida al secado &lt; 1.0 %<br \/>\nMetales pesados (Como Pb) &lt; 10 mg\/kg<\/p>\n<p>Producto que se utiliza en la misma industria: Treonina, Lisina, Cloruro de Colina, Oxido de Magnesio, Sulfato de Manganeso, Sulfato ferroso, carbonato Ferroso, Tricalfos y \u00e1cido c\u00edtrico.<\/p>\n<p>&nbsp;<\/p>\n","protected":false},"excerpt":{"rendered":"<p>La metionina (abreviada como Met o M) es un amino\u00e1cido hidr\u00f3fobo, cuya f\u00f3rmula<br \/>\nqu\u00edmica es: HO2CCH(NH2)CH2CH2SCH3. Al ser hidr\u00f3fobo este amino\u00e1cido esencial est\u00e1<br \/>\nclasificado como no polar.<\/p>\n<p>El producto tiene una presentaci\u00f3n en sal granulada de color beige a amarillo claro, en sacos de:<br \/>\n25 KG y 1 PALLE<\/p>\n","protected":false},"featured_media":4397,"template":"","meta":[],"product_brand":[],"product_cat":[128,95],"product_tag":[],"class_list":{"0":"post-3832","1":"product","2":"type-product","3":"status-publish","4":"has-post-thumbnail","6":"product_cat-aminoacidos-de-grado-alimenticio","7":"product_cat-nutricion-animal","9":"first","10":"instock","11":"downloadable","12":"product-type-simple"},"_links":{"self":[{"href":"https:\/\/www.possehl.mx\/en\/wp-json\/wp\/v2\/product\/3832","targetHints":{"allow":["GET"]}}],"collection":[{"href":"https:\/\/www.possehl.mx\/en\/wp-json\/wp\/v2\/product"}],"about":[{"href":"https:\/\/www.possehl.mx\/en\/wp-json\/wp\/v2\/types\/product"}],"wp:featuredmedia":[{"embeddable":true,"href":"https:\/\/www.possehl.mx\/en\/wp-json\/wp\/v2\/media\/4397"}],"wp:attachment":[{"href":"https:\/\/www.possehl.mx\/en\/wp-json\/wp\/v2\/media?parent=3832"}],"wp:term":[{"taxonomy":"product_brand","embeddable":true,"href":"https:\/\/www.possehl.mx\/en\/wp-json\/wp\/v2\/product_brand?post=3832"},{"taxonomy":"product_cat","embeddable":true,"href":"https:\/\/www.possehl.mx\/en\/wp-json\/wp\/v2\/product_cat?post=3832"},{"taxonomy":"product_tag","embeddable":true,"href":"https:\/\/www.possehl.mx\/en\/wp-json\/wp\/v2\/product_tag?post=3832"}],"curies":[{"name":"wp","href":"https:\/\/api.w.org\/{rel}","templated":true}]}}