{"id":3833,"date":"2020-07-29T21:30:20","date_gmt":"2020-07-30T02:30:20","guid":{"rendered":"https:\/\/www.possehl.mx\/product\/sin%20categor\u00eda\/l-lisina\/"},"modified":"2022-07-11T23:08:17","modified_gmt":"2022-07-12T04:08:17","slug":"l-lisina","status":"publish","type":"product","link":"https:\/\/www.possehl.mx\/en\/productos\/animal-feed\/food-grade-amino-acids\/l-lisina\/","title":{"rendered":"L-LISINA"},"content":{"rendered":"<p>La lisina (abreviada Lys o K) es un amino\u00e1cido componente de las prote\u00ednas sintetizadas por los seres vivos. Tiene car\u00e1cter hidr\u00f3filo y es uno de los 8 amino\u00e1cidos esenciales para los seres vivos.<br \/>\nLa Lisina es un amino\u00e1cido esencial, es decir, el organismo no es capaz de sintetizarlo y, por lo tanto, debe ser ingerido a trav\u00e9s de la alimentaci\u00f3n. Por ejemplo, es com\u00fan que se deba adicionar a la alimentaci\u00f3n como un complemento para muchas especies animales de importancia zoot\u00e9cnica cuando se utilizan dietas basadas en cereales, como el ma\u00edz.<\/p>\n<p>Su f\u00f3rmula qu\u00edmica es: C6H14N2O2<\/p>\n<p>AN\u00c1LISIS QU\u00cdMICO<br \/>\nComposici\u00f3n \u2013 Especificaci\u00f3n<br \/>\nL-lisina 98.5 % M\u00edn.<br \/>\nP\u00e9rdida al secado &lt; 1.0 %<br \/>\nResiduo de ignici\u00f3n &lt; 1.0 %<br \/>\nMetales pesados (Como Pb) &lt; 10 mg\/kg<br \/>\nArs\u00e9nico &lt; 1 mg\/kg<br \/>\nSal de amonio 0.04 % M\u00e1x.<br \/>\nHumedad 1.0 % M\u00e1x<\/p>\n<p>&nbsp;<\/p>\n","protected":false},"excerpt":{"rendered":"<p>Amino\u00e1cido esencial para la generaci\u00f3n de prote\u00edna. Se presenta en este producto como monohidrocloruro y su f\u00f3rmula qu\u00edmica lineal es: H2N(CH2)4CH(NH2)CO2H\u00b7HCl [\u00e1cido (S)-2,6-Diaminohexanoico monohidrocloruro]. Se presenta como un polvo de color beige.<\/p>\n<p>El producto tiene una presentaci\u00f3n en sal granulada de color beige a amarillo claro, en sacos: 25 Kg<\/p>\n","protected":false},"featured_media":4397,"template":"","meta":[],"product_brand":[],"product_cat":[128,95],"product_tag":[],"class_list":{"0":"post-3833","1":"product","2":"type-product","3":"status-publish","4":"has-post-thumbnail","6":"product_cat-aminoacidos-de-grado-alimenticio","7":"product_cat-nutricion-animal","9":"first","10":"instock","11":"downloadable","12":"product-type-simple"},"_links":{"self":[{"href":"https:\/\/www.possehl.mx\/en\/wp-json\/wp\/v2\/product\/3833","targetHints":{"allow":["GET"]}}],"collection":[{"href":"https:\/\/www.possehl.mx\/en\/wp-json\/wp\/v2\/product"}],"about":[{"href":"https:\/\/www.possehl.mx\/en\/wp-json\/wp\/v2\/types\/product"}],"wp:featuredmedia":[{"embeddable":true,"href":"https:\/\/www.possehl.mx\/en\/wp-json\/wp\/v2\/media\/4397"}],"wp:attachment":[{"href":"https:\/\/www.possehl.mx\/en\/wp-json\/wp\/v2\/media?parent=3833"}],"wp:term":[{"taxonomy":"product_brand","embeddable":true,"href":"https:\/\/www.possehl.mx\/en\/wp-json\/wp\/v2\/product_brand?post=3833"},{"taxonomy":"product_cat","embeddable":true,"href":"https:\/\/www.possehl.mx\/en\/wp-json\/wp\/v2\/product_cat?post=3833"},{"taxonomy":"product_tag","embeddable":true,"href":"https:\/\/www.possehl.mx\/en\/wp-json\/wp\/v2\/product_tag?post=3833"}],"curies":[{"name":"wp","href":"https:\/\/api.w.org\/{rel}","templated":true}]}}