{"id":3834,"date":"2020-07-29T21:30:20","date_gmt":"2020-07-30T02:30:20","guid":{"rendered":"https:\/\/www.possehl.mx\/product\/sin%20categor\u00eda\/l-treonina\/"},"modified":"2022-07-11T23:08:58","modified_gmt":"2022-07-12T04:08:58","slug":"l-treonina","status":"publish","type":"product","link":"https:\/\/www.possehl.mx\/en\/productos\/animal-feed\/food-grade-amino-acids\/l-treonina\/","title":{"rendered":"L-TREONINA"},"content":{"rendered":"<div class=\"wpb-content-wrapper\"><p>[vc_row][vc_column][vc_column_text text_larger=&#8221;no&#8221;]La treonina (abreviada Thr o T) \u200bes uno de los veinte amino\u00e1cidos que componen las prote\u00ednas y es un amino\u00e1cido esencial, es decir, el organismo no es capaz de sintetizarlo y, por lo tanto, debe ser ingerido a trav\u00e9s de la alimentaci\u00f3n.<br \/>\nLa L-treonina (levo treonina) se presenta como un polvo cristalino que puede variar de color crema a amarillo p\u00e1lido.<\/p>\n<p>Su f\u00f3rmula qu\u00edmica es: C4H8O4<\/p>\n<p>AN\u00c1LISIS QU\u00cdMICO<br \/>\nComposici\u00f3n \u2013 Especificaci\u00f3n<br \/>\nL-treonina 98.5 % M\u00edn.<br \/>\nL.O.I. 1.0 % M\u00e1x.<br \/>\nResiduo de ignici\u00f3n 0.5 % M\u00e1x.<br \/>\nMetales pesados (Como Pb) 20 mg\/kg M\u00e1x.<br \/>\nArs\u00e9nico 2 mg\/kg M\u00e1x<\/p>\n<p>Producto que se utiliza en la misma industria: Lisina, Metionina, Cloruro de Colina , Oxido de Magnesio, Sulfato de Manganeso, Sulfato ferroso, carbonato Ferroso, Tricalfos y \u00e1cido c\u00edtrico.<\/p>\n<p>[\/vc_column_text][\/vc_column][\/vc_row]<\/p>\n<\/div>","protected":false},"excerpt":{"rendered":"<p>Amino\u00e1cido esencial para la generaci\u00f3n de prote\u00edna por parte de los animales con ganancia de peso. Su f\u00f3rmula qu\u00edmica lineal es: CH3CH(NH2)CO2H [\u00e1cido (2S,2R)-2-amino-3-hidroxibutanoico]. Se presenta como un polvo cristalino que oscila del blanco al amarillo p\u00e1lido.<\/p>\n<p>El producto tiene una presentaci\u00f3n en polvo cristalino, en sacos de: 25 Kg<\/p>\n","protected":false},"featured_media":3777,"template":"","meta":[],"product_brand":[],"product_cat":[128,95],"product_tag":[],"class_list":{"0":"post-3834","1":"product","2":"type-product","3":"status-publish","4":"has-post-thumbnail","6":"product_cat-aminoacidos-de-grado-alimenticio","7":"product_cat-nutricion-animal","9":"first","10":"instock","11":"downloadable","12":"product-type-simple"},"_links":{"self":[{"href":"https:\/\/www.possehl.mx\/en\/wp-json\/wp\/v2\/product\/3834","targetHints":{"allow":["GET"]}}],"collection":[{"href":"https:\/\/www.possehl.mx\/en\/wp-json\/wp\/v2\/product"}],"about":[{"href":"https:\/\/www.possehl.mx\/en\/wp-json\/wp\/v2\/types\/product"}],"wp:featuredmedia":[{"embeddable":true,"href":"https:\/\/www.possehl.mx\/en\/wp-json\/wp\/v2\/media\/3777"}],"wp:attachment":[{"href":"https:\/\/www.possehl.mx\/en\/wp-json\/wp\/v2\/media?parent=3834"}],"wp:term":[{"taxonomy":"product_brand","embeddable":true,"href":"https:\/\/www.possehl.mx\/en\/wp-json\/wp\/v2\/product_brand?post=3834"},{"taxonomy":"product_cat","embeddable":true,"href":"https:\/\/www.possehl.mx\/en\/wp-json\/wp\/v2\/product_cat?post=3834"},{"taxonomy":"product_tag","embeddable":true,"href":"https:\/\/www.possehl.mx\/en\/wp-json\/wp\/v2\/product_tag?post=3834"}],"curies":[{"name":"wp","href":"https:\/\/api.w.org\/{rel}","templated":true}]}}