{"id":3836,"date":"2020-07-29T21:30:20","date_gmt":"2020-07-30T02:30:20","guid":{"rendered":"https:\/\/www.possehl.mx\/product\/sin%20categor\u00eda\/carbonato-ferroso-en-polvo\/"},"modified":"2022-08-11T21:29:35","modified_gmt":"2022-08-12T02:29:35","slug":"carbonato-ferroso-en-polvo","status":"publish","type":"product","link":"https:\/\/www.possehl.mx\/en\/productos\/animal-feed\/ferrous-carbonate\/carbonato-ferroso-en-polvo\/","title":{"rendered":"CARBONATO FERROSO EN POLVO"},"content":{"rendered":"<p>El carbonato de fierro (II) es un mineral \u200bperteneciente al grupo de la calcita y es uno de los principales minerales de hierro conocidos. Se presenta en un color de pardo amarillento a gris, tambi\u00e9n presenta un lustre v\u00edtreo, sedoso y nacarado. Dentro de los sin\u00f3nimos que ha recibido, se le conoce como siderita. La siderita es un mineral pesado con composici\u00f3n de carbonato de hierro y un ordenamiento interno hexagonal.<\/p>\n<p>Su f\u00f3rmula qu\u00edmica es: FeCO3<\/p>\n<p>AN\u00c1LISIS QU\u00cdMICO<br \/>\nComposici\u00f3n \u2013 Especificaci\u00f3n<br \/>\nFe 38.0 % M\u00edn.<br \/>\nCaO 3.0 % M\u00e1x.<br \/>\nPb* 20 mg\/kg M\u00e1x.<br \/>\nAs* 50 mg\/kg M\u00e1x.<br \/>\nCd* 10 mg\/kg M\u00e1x.<br \/>\nHg* 0.1 mg\/kg M\u00e1x.<br \/>\nHumedad &lt;0.5 % M\u00e1x.<\/p>\n<p>Tama\u00f1o de part\u00edcula: oscila entre 0.15 &#8211; 0.30 mm<\/p>\n<p>Producto que se utiliza en la misma industria: Sider\u00fargica<\/p>\n<p>&nbsp;<\/p>\n","protected":false},"excerpt":{"rendered":"<p>Sal de hierro (II) de f\u00f3rmula FeCO3.H2O (monohidratado) en forma de polvo color caf\u00e9.<\/p>\n<p>El producto tiene una presentaci\u00f3n en color pardo amarillento a gris, en sacos de: 25 Kg y 1.25 TM<\/p>\n","protected":false},"featured_media":4397,"template":"","meta":[],"product_brand":[],"product_cat":[129,95],"product_tag":[],"class_list":{"0":"post-3836","1":"product","2":"type-product","3":"status-publish","4":"has-post-thumbnail","6":"product_cat-carbonato-ferroso","7":"product_cat-nutricion-animal","9":"first","10":"instock","11":"downloadable","12":"product-type-simple"},"_links":{"self":[{"href":"https:\/\/www.possehl.mx\/en\/wp-json\/wp\/v2\/product\/3836","targetHints":{"allow":["GET"]}}],"collection":[{"href":"https:\/\/www.possehl.mx\/en\/wp-json\/wp\/v2\/product"}],"about":[{"href":"https:\/\/www.possehl.mx\/en\/wp-json\/wp\/v2\/types\/product"}],"wp:featuredmedia":[{"embeddable":true,"href":"https:\/\/www.possehl.mx\/en\/wp-json\/wp\/v2\/media\/4397"}],"wp:attachment":[{"href":"https:\/\/www.possehl.mx\/en\/wp-json\/wp\/v2\/media?parent=3836"}],"wp:term":[{"taxonomy":"product_brand","embeddable":true,"href":"https:\/\/www.possehl.mx\/en\/wp-json\/wp\/v2\/product_brand?post=3836"},{"taxonomy":"product_cat","embeddable":true,"href":"https:\/\/www.possehl.mx\/en\/wp-json\/wp\/v2\/product_cat?post=3836"},{"taxonomy":"product_tag","embeddable":true,"href":"https:\/\/www.possehl.mx\/en\/wp-json\/wp\/v2\/product_tag?post=3836"}],"curies":[{"name":"wp","href":"https:\/\/api.w.org\/{rel}","templated":true}]}}