{"id":3838,"date":"2020-07-29T21:30:20","date_gmt":"2020-07-30T02:30:20","guid":{"rendered":"https:\/\/www.possehl.mx\/product\/sin%20categor\u00eda\/sulfato-de-manganeso-polvo\/"},"modified":"2021-08-23T18:12:06","modified_gmt":"2021-08-23T23:12:06","slug":"sulfato-de-manganeso-polvo","status":"publish","type":"product","link":"https:\/\/www.possehl.mx\/en\/productos\/animal-feed\/sulfates\/sulfato-de-manganeso-polvo\/","title":{"rendered":"SULFATO DE MANGANESO POLVO"},"content":{"rendered":"<p>Sulfato de manganeso (II) es un mineral \u200bperteneciente al grupo de sulfatos inorg\u00e1nicos. Se presenta como un s\u00f3lido con apariencia de cristales blancos y algunas veces rosa p\u00e1lido.<br \/>\nLos sulfatos inorg\u00e1nicos son las sales del \u00e1cido sulf\u00farico y en la naturaleza se encuentran en forma de yeso o aljez (sulfato de calcio di-hidratado). La mayor parte de los sulfatos se genera a partir de una base y del \u00e1cido sulf\u00farico, o por reacci\u00f3n del \u00e1cido sulf\u00farico con el mineral en cuesti\u00f3n. Al igual que muchos sulfatos met\u00e1licos, el sulfato de manganeso forma una variedad de hidratos, siendo el mono-hidrato el m\u00e1s com\u00fan.<br \/>\nT\u00edpicamente los minerales de manganeso se purifican mediante su conversi\u00f3n a sulfato de manganeso. El tratamiento de soluciones acuosas de sulfato de manganeso con carbonato de sodio conduce a la precipitaci\u00f3n de carbonato de manganeso, que puede ser calcinado para dar los \u00f3xidos de manganeso en sus diferentes variaciones. Forma cristales hidratados de diferentes tonos de rosa con una, cuatro, cinco o siete mol\u00e9culas de agua.<\/p>\n<p>Su f\u00f3rmula qu\u00edmica es: MnSO4<\/p>\n<p>AN\u00c1LISIS QU\u00cdMICO<br \/>\nComposici\u00f3n \u2013 Especificaci\u00f3n<br \/>\nMn 31.8 % M\u00edn.<br \/>\nAs 5 mg\/kg M\u00e1x.<br \/>\nCd 10 mg\/kg M\u00e1x.<br \/>\nPb 20 mg\/kg M\u00e1x.<br \/>\nHumedad &lt;0.5 % M\u00e1x.<\/p>\n<p>Tama\u00f1o de part\u00edcula: oscila entre 0.25 &#8211; 0.50 mm<br \/>\nProducto que se utiliza en la misma industria: Alimentaci\u00f3n animal.<\/p>\n<p>&nbsp;<\/p>\n","protected":false},"excerpt":{"rendered":"<p>Sal de manganeso (II) de f\u00f3rmula MnSO4.H2O (monohidratado) en forma de polvo rosado.<\/p>\n<p>El producto tiene una presentaci\u00f3n como un s\u00f3lido con apariencia de cristales blancos y algunas veces rosa p\u00e1lido, en sacos de: 1.25 TM, 25 Kg, 1 TM, 1.35 TM.<\/p>\n","protected":false},"featured_media":4397,"template":"","meta":[],"product_brand":[],"product_cat":[130,95],"product_tag":[],"class_list":{"0":"post-3838","1":"product","2":"type-product","3":"status-publish","4":"has-post-thumbnail","6":"product_cat-sulfatos","7":"product_cat-nutricion-animal","9":"first","10":"instock","11":"downloadable","12":"product-type-simple"},"_links":{"self":[{"href":"https:\/\/www.possehl.mx\/en\/wp-json\/wp\/v2\/product\/3838","targetHints":{"allow":["GET"]}}],"collection":[{"href":"https:\/\/www.possehl.mx\/en\/wp-json\/wp\/v2\/product"}],"about":[{"href":"https:\/\/www.possehl.mx\/en\/wp-json\/wp\/v2\/types\/product"}],"wp:featuredmedia":[{"embeddable":true,"href":"https:\/\/www.possehl.mx\/en\/wp-json\/wp\/v2\/media\/4397"}],"wp:attachment":[{"href":"https:\/\/www.possehl.mx\/en\/wp-json\/wp\/v2\/media?parent=3838"}],"wp:term":[{"taxonomy":"product_brand","embeddable":true,"href":"https:\/\/www.possehl.mx\/en\/wp-json\/wp\/v2\/product_brand?post=3838"},{"taxonomy":"product_cat","embeddable":true,"href":"https:\/\/www.possehl.mx\/en\/wp-json\/wp\/v2\/product_cat?post=3838"},{"taxonomy":"product_tag","embeddable":true,"href":"https:\/\/www.possehl.mx\/en\/wp-json\/wp\/v2\/product_tag?post=3838"}],"curies":[{"name":"wp","href":"https:\/\/api.w.org\/{rel}","templated":true}]}}