{"id":3839,"date":"2020-07-29T21:30:20","date_gmt":"2020-07-30T02:30:20","guid":{"rendered":"https:\/\/www.possehl.mx\/product\/sin%20categor\u00eda\/sulfato-ferroso-granular\/"},"modified":"2021-08-23T18:14:08","modified_gmt":"2021-08-23T23:14:08","slug":"sulfato-ferroso-granular","status":"publish","type":"product","link":"https:\/\/www.possehl.mx\/en\/productos\/animal-feed\/sulfates\/sulfato-ferroso-granular\/","title":{"rendered":"SULFATO FERROSO GRANULAR"},"content":{"rendered":"<p>El sulfato de hierro (II) es un compuesto qu\u00edmico i\u00f3nico, tambi\u00e9n llamado sulfato ferroso o melanterita. Se encuentra casi siempre en forma de sal heptahidratada, presentando un color azul verdoso.<br \/>\nEl sulfato ferroso se obtiene en el proceso de acabado del acero antes de la galvanoplast\u00eda o el recubrimiento. La l\u00e1mina, la hoja o la barra de acero se pasa a trav\u00e9s de un ba\u00f1o decapante de \u00e1cido sulf\u00farico. Este tratamiento produce grandes cantidades de sulfato de hierro (II) como producto. Otra fuente de grandes cantidades de esta sustancia es la producci\u00f3n de bi\u00f3xido de titanio a partir del mineral ilmenita.<\/p>\n<p>Es estable en condiciones normales de uso y almacenamiento. En cualquiera de sus formas hidratadas pierde agua en contacto con el aire seco y bajo exposici\u00f3n a la humedad se oxida formando un recubrimiento marr\u00f3n de sulfato de hierro (III) muy corrosivo.<\/p>\n<p>Su f\u00f3rmula qu\u00edmica es: FeSO4<br \/>\nAN\u00c1LISIS QU\u00cdMICO<br \/>\nComposici\u00f3n \u2013 Especificaci\u00f3n<br \/>\nFe 30.0 % M\u00edn.<br \/>\nPb &lt; 20 mg\/kg<br \/>\nCd &lt; 10 mg\/kg<br \/>\nAs &lt; 2 mg\/kg<br \/>\nHumedad &lt; 2.5 %<\/p>\n<p>Tama\u00f1o de part\u00edcula: oscila entre 0.18 &#8211; 1.00 mm<br \/>\nProducto que se utiliza en la misma industria: Alimentaci\u00f3n animal.<\/p>\n<p>&nbsp;<\/p>\n","protected":false},"excerpt":{"rendered":"<p>Sal de fierro (II) de f\u00f3rmula FeSO4, forma monohidratada en forma granular de color que var\u00eda de tonos amarillos a verdes.<\/p>\n<p>El producto tiene una presentaci\u00f3n como sal heptahidratada, presentando un color azul verdoso, en sacos de: 25 Kg, 1 TM, 1.10TM, 1.250 TM, 1.20TM y 1.200 TM<\/p>\n","protected":false},"featured_media":3792,"template":"","meta":[],"product_brand":[],"product_cat":[130,95],"product_tag":[],"class_list":{"0":"post-3839","1":"product","2":"type-product","3":"status-publish","4":"has-post-thumbnail","6":"product_cat-sulfatos","7":"product_cat-nutricion-animal","9":"first","10":"instock","11":"downloadable","12":"product-type-simple"},"_links":{"self":[{"href":"https:\/\/www.possehl.mx\/en\/wp-json\/wp\/v2\/product\/3839","targetHints":{"allow":["GET"]}}],"collection":[{"href":"https:\/\/www.possehl.mx\/en\/wp-json\/wp\/v2\/product"}],"about":[{"href":"https:\/\/www.possehl.mx\/en\/wp-json\/wp\/v2\/types\/product"}],"wp:featuredmedia":[{"embeddable":true,"href":"https:\/\/www.possehl.mx\/en\/wp-json\/wp\/v2\/media\/3792"}],"wp:attachment":[{"href":"https:\/\/www.possehl.mx\/en\/wp-json\/wp\/v2\/media?parent=3839"}],"wp:term":[{"taxonomy":"product_brand","embeddable":true,"href":"https:\/\/www.possehl.mx\/en\/wp-json\/wp\/v2\/product_brand?post=3839"},{"taxonomy":"product_cat","embeddable":true,"href":"https:\/\/www.possehl.mx\/en\/wp-json\/wp\/v2\/product_cat?post=3839"},{"taxonomy":"product_tag","embeddable":true,"href":"https:\/\/www.possehl.mx\/en\/wp-json\/wp\/v2\/product_tag?post=3839"}],"curies":[{"name":"wp","href":"https:\/\/api.w.org\/{rel}","templated":true}]}}