{"id":3840,"date":"2020-07-29T21:30:20","date_gmt":"2020-07-30T02:30:20","guid":{"rendered":"https:\/\/www.possehl.mx\/product\/sin%20categor\u00eda\/sulfato-ferroso-polvo\/"},"modified":"2021-04-22T16:59:30","modified_gmt":"2021-04-22T21:59:30","slug":"sulfato-ferroso-polvo","status":"publish","type":"product","link":"https:\/\/www.possehl.mx\/en\/productos\/animal-feed\/sulfates\/sulfato-ferroso-polvo\/","title":{"rendered":"SULFATO FERROSO POLVO"},"content":{"rendered":"<div class=\"wpb-content-wrapper\"><p>[vc_row][vc_column][vc_column_text text_larger=&#8221;no&#8221;]Compuesto inorg\u00e1nico perteneciente a la familia de sulfatos, se trata de un s\u00f3lido con apariencia de cristales blancos y en ocasiones rosa p\u00e1lido.<\/p>\n<p>Su f\u00f3rmula qu\u00edmica es: FeSO4<\/p>\n<p>AN\u00c1LISIS QU\u00cdMICO<\/p>\n<p>Composici\u00f3n \u2013 Especificaci\u00f3n<br \/>\nComposici\u00f3n Especificaci\u00f3n<br \/>\nFe 30.0 % M\u00edn.<br \/>\nPb 20 mg\/kg M\u00e1x.<br \/>\nCd 10 mg\/kg M\u00e1x.<br \/>\nAs 2 mg\/kg M\u00e1x.<\/p>\n<p>Tama\u00f1o de part\u00edcula: oscila entre -80 mallas<\/p>\n<p>Producto que se utiliza en la misma industria: Alimentaci\u00f3n animal.[\/vc_column_text][\/vc_column][\/vc_row]<\/p>\n<\/div>","protected":false},"excerpt":{"rendered":"<p>Sal de fierro (II) de f\u00f3rmula FeSO4 forma monohidratada en forma de polvo fino de color que var\u00eda en tonos blancos a rosa p\u00e1lido<\/p>\n<p>El producto tiene una presentaci\u00f3n en sacos de: 25 kg, 1 TM y Big Bag<\/p>\n","protected":false},"featured_media":3798,"template":"","meta":[],"product_brand":[],"product_cat":[130,95],"product_tag":[],"class_list":{"0":"post-3840","1":"product","2":"type-product","3":"status-publish","4":"has-post-thumbnail","6":"product_cat-sulfatos","7":"product_cat-nutricion-animal","9":"first","10":"instock","11":"downloadable","12":"product-type-simple"},"_links":{"self":[{"href":"https:\/\/www.possehl.mx\/en\/wp-json\/wp\/v2\/product\/3840","targetHints":{"allow":["GET"]}}],"collection":[{"href":"https:\/\/www.possehl.mx\/en\/wp-json\/wp\/v2\/product"}],"about":[{"href":"https:\/\/www.possehl.mx\/en\/wp-json\/wp\/v2\/types\/product"}],"wp:featuredmedia":[{"embeddable":true,"href":"https:\/\/www.possehl.mx\/en\/wp-json\/wp\/v2\/media\/3798"}],"wp:attachment":[{"href":"https:\/\/www.possehl.mx\/en\/wp-json\/wp\/v2\/media?parent=3840"}],"wp:term":[{"taxonomy":"product_brand","embeddable":true,"href":"https:\/\/www.possehl.mx\/en\/wp-json\/wp\/v2\/product_brand?post=3840"},{"taxonomy":"product_cat","embeddable":true,"href":"https:\/\/www.possehl.mx\/en\/wp-json\/wp\/v2\/product_cat?post=3840"},{"taxonomy":"product_tag","embeddable":true,"href":"https:\/\/www.possehl.mx\/en\/wp-json\/wp\/v2\/product_tag?post=3840"}],"curies":[{"name":"wp","href":"https:\/\/api.w.org\/{rel}","templated":true}]}}