{"id":3857,"date":"2020-07-30T10:29:36","date_gmt":"2020-07-30T15:29:36","guid":{"rendered":"https:\/\/www.possehl.mx\/product\/sin%20categor\u00eda\/caolin-calcinado-sw86\/"},"modified":"2024-09-19T14:52:25","modified_gmt":"2024-09-19T20:52:25","slug":"caolin-calcinado-sw86","status":"publish","type":"product","link":"https:\/\/www.possehl.mx\/en\/productos\/refractories-en\/flint-clay-en\/caolin-calcinado-sw86\/","title":{"rendered":"CAOLIN CALCINADO SW86"},"content":{"rendered":"<div class=\"wpb-content-wrapper\"><p>[vc_row][vc_column][vc_column_text text_larger=&#8221;no&#8221;]<\/p>\n<div class=\"\" dir=\"ltr\">\n<div class=\"x_WordSection1\">\n<p><span class=\"\">Es una arcilla calcinada de excelente calidad por su composici\u00f3n qu\u00edmica.<\/span><span class=\"\">\u00a0Tiene una morfolog\u00eda micro-cristalina y un tama\u00f1o de part\u00edcula muy fino, lo que le permite tener un gran desempe\u00f1o como extender de TiO2, entre otros beneficios dentro de la formulaci\u00f3n de una pintura.\u00a0<\/span><span class=\"\">Otra de sus principales caracter\u00edsticas es que no se dispersa en agua y tiene baja plasticidad con alta refractariedad, alta dureza, bajos \u00e1lcalis y hierro. \u00a0<\/span><\/p>\n<\/div>\n<\/div>\n<p>AN\u00c1LISIS QU\u00cdMICO<br \/>\nComposici\u00f3n &#8211; Especificaci\u00f3n<br \/>\nSiO2 52 % M\u00edn.<br \/>\nAl2O3 42 % M\u00edn.<br \/>\nFe2O3 0.6 % M\u00e1x.<br \/>\nTiO2 1.2 % M\u00e1x.<br \/>\nLOI 0.5 % M\u00e1x.<br \/>\npH 5.5-7.5<\/p>\n<p>[\/vc_column_text][\/vc_column][\/vc_row]<\/p>\n<\/div>","protected":false},"excerpt":{"rendered":"<p>Es un Caol\u00edn Calcinado con alta blancura y un tama\u00f1o de part\u00edcula ultra-fino y controlado.<\/p>\n<p>El producto tiene una presentaci\u00f3n en sacos de: 25 Kg y 0.500 TM<\/p>\n","protected":false},"featured_media":3751,"template":"","meta":[],"product_brand":[],"product_cat":[299,135],"product_tag":[],"class_list":{"0":"post-3857","1":"product","2":"type-product","3":"status-publish","4":"has-post-thumbnail","6":"product_cat-flint-clay","7":"product_cat-refractarios","9":"first","10":"instock","11":"downloadable","12":"product-type-simple"},"_links":{"self":[{"href":"https:\/\/www.possehl.mx\/en\/wp-json\/wp\/v2\/product\/3857","targetHints":{"allow":["GET"]}}],"collection":[{"href":"https:\/\/www.possehl.mx\/en\/wp-json\/wp\/v2\/product"}],"about":[{"href":"https:\/\/www.possehl.mx\/en\/wp-json\/wp\/v2\/types\/product"}],"wp:featuredmedia":[{"embeddable":true,"href":"https:\/\/www.possehl.mx\/en\/wp-json\/wp\/v2\/media\/3751"}],"wp:attachment":[{"href":"https:\/\/www.possehl.mx\/en\/wp-json\/wp\/v2\/media?parent=3857"}],"wp:term":[{"taxonomy":"product_brand","embeddable":true,"href":"https:\/\/www.possehl.mx\/en\/wp-json\/wp\/v2\/product_brand?post=3857"},{"taxonomy":"product_cat","embeddable":true,"href":"https:\/\/www.possehl.mx\/en\/wp-json\/wp\/v2\/product_cat?post=3857"},{"taxonomy":"product_tag","embeddable":true,"href":"https:\/\/www.possehl.mx\/en\/wp-json\/wp\/v2\/product_tag?post=3857"}],"curies":[{"name":"wp","href":"https:\/\/api.w.org\/{rel}","templated":true}]}}