{"id":3858,"date":"2020-07-30T10:29:36","date_gmt":"2020-07-30T15:29:36","guid":{"rendered":"https:\/\/www.possehl.mx\/product\/sin%20categor\u00eda\/chamota-calcinada\/"},"modified":"2021-03-25T15:34:09","modified_gmt":"2021-03-25T21:34:09","slug":"chamota-calcinada","status":"publish","type":"product","link":"https:\/\/www.possehl.mx\/en\/productos\/paint-and-plastics\/chamota-calcinada\/","title":{"rendered":"CHAMOTA CALCINADA"},"content":{"rendered":"<div class=\"wpb-content-wrapper\"><p>[vc_row][vc_column][vc_column_text text_larger=&#8221;no&#8221;]Es una arcilla calcinada de excelente calidad por su composici\u00f3n qu\u00edmica. Una de sus principales caracter\u00edsticas es que no se dispersa en agua y tiene baja plasticidad con alta refractariedad, alta dureza, bajos \u00e1lcalis y bajo hierro.<\/p>\n<p>AN\u00c1LISIS QU\u00cdMICO<br \/>\nComposici\u00f3n Especificaci\u00f3n<br \/>\nAl2O3 42.0 % M\u00edn.<br \/>\nSiO2 50.0 % M\u00e1x.<br \/>\nFe2O3 2.0 % M\u00e1x.<br \/>\nTiO2 1.3 % M\u00e1x.<br \/>\nNa2O + K2O 0.7 % M\u00e1x.<br \/>\nCaO 0.2 % M\u00e1x.<br \/>\nMgO 0.2 % M\u00e1x.<br \/>\nHumedad 1.0 % M\u00e1x.<\/p>\n<p>&nbsp;<\/p>\n<p>[\/vc_column_text][\/vc_column][\/vc_row]<\/p>\n<\/div>","protected":false},"excerpt":{"rendered":"<p>Mezcla de arcillas calcinadas y refractarios recuperados, tambi\u00e9n llamado mortero fireclay o mortero refractario.<\/p>\n<p>El producto tiene una presentaci\u00f3n en sacos de: 1.35 TM, 1 TM y PALLET<\/p>\n","protected":false},"featured_media":3751,"template":"","meta":[],"product_brand":[],"product_cat":[99],"product_tag":[],"class_list":{"0":"post-3858","1":"product","2":"type-product","3":"status-publish","4":"has-post-thumbnail","6":"product_cat-plasticos-y-pinturas","8":"first","9":"instock","10":"downloadable","11":"product-type-simple"},"_links":{"self":[{"href":"https:\/\/www.possehl.mx\/en\/wp-json\/wp\/v2\/product\/3858","targetHints":{"allow":["GET"]}}],"collection":[{"href":"https:\/\/www.possehl.mx\/en\/wp-json\/wp\/v2\/product"}],"about":[{"href":"https:\/\/www.possehl.mx\/en\/wp-json\/wp\/v2\/types\/product"}],"wp:featuredmedia":[{"embeddable":true,"href":"https:\/\/www.possehl.mx\/en\/wp-json\/wp\/v2\/media\/3751"}],"wp:attachment":[{"href":"https:\/\/www.possehl.mx\/en\/wp-json\/wp\/v2\/media?parent=3858"}],"wp:term":[{"taxonomy":"product_brand","embeddable":true,"href":"https:\/\/www.possehl.mx\/en\/wp-json\/wp\/v2\/product_brand?post=3858"},{"taxonomy":"product_cat","embeddable":true,"href":"https:\/\/www.possehl.mx\/en\/wp-json\/wp\/v2\/product_cat?post=3858"},{"taxonomy":"product_tag","embeddable":true,"href":"https:\/\/www.possehl.mx\/en\/wp-json\/wp\/v2\/product_tag?post=3858"}],"curies":[{"name":"wp","href":"https:\/\/api.w.org\/{rel}","templated":true}]}}