{"id":3859,"date":"2020-07-30T10:29:36","date_gmt":"2020-07-30T15:29:36","guid":{"rendered":"https:\/\/www.possehl.mx\/product\/sin%20categor\u00eda\/flint-clay\/"},"modified":"2022-08-11T22:15:24","modified_gmt":"2022-08-12T03:15:24","slug":"flint-clay","status":"publish","type":"product","link":"https:\/\/www.possehl.mx\/en\/productos\/refractories-en\/flint-clay-en\/flint-clay\/","title":{"rendered":"FLINT CLAY"},"content":{"rendered":"<div class=\"wpb-content-wrapper\"><p>[vc_row][vc_column][vc_column_text text_larger=&#8221;no&#8221;]Es una arcilla calcinada de excelente calidad por su composici\u00f3n qu\u00edmica. Una de sus principales caracter\u00edsticas es que no se dispersa en agua y tiene baja plasticidad con alta refractariedad, alta dureza, bajos \u00e1lcalis y bajo hierro.<\/p>\n<p>F\u00f3rmula qu\u00edmica: Al2O3\u00b72 SiO2\u00b72 H2O<\/p>\n<p>AN\u00c1LISIS QU\u00cdMICO<br \/>\nComposici\u00f3n Especificaci\u00f3n<br \/>\nAl2O3 45.0 % M\u00edn.<br \/>\nFe2O3 1.5 % M\u00e1x.<br \/>\nK2O + Na2O 0.35 % M\u00e1x.<br \/>\nCaO + MgO 0.70 % M\u00e1x.<br \/>\nTiO2 2.8 % M\u00e1x.<br \/>\nHumedad 1. % M\u00e1x.<\/p>\n<p>[\/vc_column_text][\/vc_column][\/vc_row]<\/p>\n<\/div>","protected":false},"excerpt":{"rendered":"<p>Es una arcilla refractaria. En general se define como un agregado mineral formado por silicatos hidratados de aluminio, cuyas mol\u00e9culas de agua se pierden durante la calcinaci\u00f3n. Con o sin s\u00edlice libre, de grano fino y compacto.<\/p>\n<p>El producto tiene una presentaci\u00f3n en sacos de: 1.35 TM, 1 TM y PALLET<\/p>\n","protected":false},"featured_media":3751,"template":"","meta":[],"product_brand":[],"product_cat":[299,135],"product_tag":[],"class_list":{"0":"post-3859","1":"product","2":"type-product","3":"status-publish","4":"has-post-thumbnail","6":"product_cat-flint-clay","7":"product_cat-refractarios","9":"first","10":"instock","11":"downloadable","12":"product-type-simple"},"_links":{"self":[{"href":"https:\/\/www.possehl.mx\/en\/wp-json\/wp\/v2\/product\/3859","targetHints":{"allow":["GET"]}}],"collection":[{"href":"https:\/\/www.possehl.mx\/en\/wp-json\/wp\/v2\/product"}],"about":[{"href":"https:\/\/www.possehl.mx\/en\/wp-json\/wp\/v2\/types\/product"}],"wp:featuredmedia":[{"embeddable":true,"href":"https:\/\/www.possehl.mx\/en\/wp-json\/wp\/v2\/media\/3751"}],"wp:attachment":[{"href":"https:\/\/www.possehl.mx\/en\/wp-json\/wp\/v2\/media?parent=3859"}],"wp:term":[{"taxonomy":"product_brand","embeddable":true,"href":"https:\/\/www.possehl.mx\/en\/wp-json\/wp\/v2\/product_brand?post=3859"},{"taxonomy":"product_cat","embeddable":true,"href":"https:\/\/www.possehl.mx\/en\/wp-json\/wp\/v2\/product_cat?post=3859"},{"taxonomy":"product_tag","embeddable":true,"href":"https:\/\/www.possehl.mx\/en\/wp-json\/wp\/v2\/product_tag?post=3859"}],"curies":[{"name":"wp","href":"https:\/\/api.w.org\/{rel}","templated":true}]}}