{"id":3877,"date":"2020-07-30T12:15:37","date_gmt":"2020-07-30T17:15:37","guid":{"rendered":"https:\/\/www.possehl.mx\/product\/sin%20categor\u00eda\/hidroxido-de-aluminio-ha-300\/"},"modified":"2025-10-22T12:28:51","modified_gmt":"2025-10-22T18:28:51","slug":"hidroxido-de-aluminio-ha-300","status":"publish","type":"product","link":"https:\/\/www.possehl.mx\/en\/productos\/chemical\/aluminium-hydroxide\/hidroxido-de-aluminio-ha-300\/","title":{"rendered":"HIDROXIDO DE ALUMINIO HA-300"},"content":{"rendered":"<div class=\"wpb-content-wrapper\"><p>[vc_row][vc_column][vc_column_text text_larger=&#8221;no&#8221;]El Hidr\u00f3xido de Aluminio es un compuesto qu\u00edmico obtenido a partir de la refinaci\u00f3n de la Bauxita a trav\u00e9s del proceso Bayer.<\/p>\n<p>Su f\u00f3rmula qu\u00edmica es: Al2O3 \u2022 3H2O o Al (OH)3.<\/p>\n<p>AN\u00c1LISIS QU\u00cdMICO<br \/>\nComposici\u00f3n Especificaci\u00f3n<br \/>\nAl2O3 64.0-65.5 %<br \/>\nNa2O Total 0.40 % M\u00e1x.<br \/>\nSiO2 0.030 % M\u00e1x.<br \/>\nFe2O3 0.030 % M\u00e1x.<br \/>\nHumedad 0.20 % M\u00e1x.<br \/>\nInsolubles en \u00e1cido 0.30 % M\u00e1x.[\/vc_column_text][\/vc_column][\/vc_row]<\/p>\n<\/div>","protected":false},"excerpt":{"rendered":"<p>El producto tiene una presentaci\u00f3n como polvo blanco, en sacos de: 25 KG, 50 KG, 1.000 TM y PESO VAR<\/p>\n","protected":false},"featured_media":4397,"template":"","meta":[],"product_brand":[],"product_cat":[131,102],"product_tag":[],"class_list":{"0":"post-3877","1":"product","2":"type-product","3":"status-publish","4":"has-post-thumbnail","6":"product_cat-hidroxido-de-aluminio","7":"product_cat-quimicos","9":"first","10":"instock","11":"downloadable","12":"product-type-simple"},"_links":{"self":[{"href":"https:\/\/www.possehl.mx\/en\/wp-json\/wp\/v2\/product\/3877","targetHints":{"allow":["GET"]}}],"collection":[{"href":"https:\/\/www.possehl.mx\/en\/wp-json\/wp\/v2\/product"}],"about":[{"href":"https:\/\/www.possehl.mx\/en\/wp-json\/wp\/v2\/types\/product"}],"wp:featuredmedia":[{"embeddable":true,"href":"https:\/\/www.possehl.mx\/en\/wp-json\/wp\/v2\/media\/4397"}],"wp:attachment":[{"href":"https:\/\/www.possehl.mx\/en\/wp-json\/wp\/v2\/media?parent=3877"}],"wp:term":[{"taxonomy":"product_brand","embeddable":true,"href":"https:\/\/www.possehl.mx\/en\/wp-json\/wp\/v2\/product_brand?post=3877"},{"taxonomy":"product_cat","embeddable":true,"href":"https:\/\/www.possehl.mx\/en\/wp-json\/wp\/v2\/product_cat?post=3877"},{"taxonomy":"product_tag","embeddable":true,"href":"https:\/\/www.possehl.mx\/en\/wp-json\/wp\/v2\/product_tag?post=3877"}],"curies":[{"name":"wp","href":"https:\/\/api.w.org\/{rel}","templated":true}]}}