{"id":3914,"date":"2020-07-30T13:49:32","date_gmt":"2020-07-30T18:49:32","guid":{"rendered":"https:\/\/www.possehl.mx\/product\/sin%20categor\u00eda\/carbonato-de-bario\/"},"modified":"2022-07-11T17:50:01","modified_gmt":"2022-07-11T22:50:01","slug":"carbonato-de-bario","status":"publish","type":"product","link":"https:\/\/www.possehl.mx\/en\/productos\/ceramics-and-abrasives\/barium-carbonate-ceramics\/carbonato-de-bario\/","title":{"rendered":"CARBONATO DE BARIO"},"content":{"rendered":"<div class=\"wpb-content-wrapper\"><p>[vc_row][vc_column][vc_column_text text_larger=&#8221;no&#8221;]Sal de bario de f\u00f3rmula BaCO3; de cristales incoloros con una densidad entre 4.3 y 4.4 g\/cm3 y punto de fusi\u00f3n de 1740\u00b0 C. Muy poco soluble en agua (20 mg por litro a 18\u00b0 C) y muy soluble en \u00e1cidos n\u00edtrico y clorh\u00eddrico. Este producto se presenta en forma de polvo cristalino.<\/p>\n<p>AN\u00c1LISIS QU\u00cdMICO<br \/>\nComposici\u00f3n \u2013 Especificaci\u00f3n<br \/>\nBaCO3 99.000 % M\u00edn.<br \/>\nSolubilidad en HCl 0.300 % M\u00e1x.<br \/>\nSolubilidad en AsSO4 0.250 % M\u00e1x.<br \/>\nFe 0.004 % M\u00e1x.<br \/>\nHumedad 0.300 % M\u00e1x.<\/p>\n<p>[\/vc_column_text][\/vc_column][\/vc_row]<\/p>\n<\/div>","protected":false},"excerpt":{"rendered":"<p>Es una sal de bario de f\u00f3rmula BaCO3 que se presenta como cristales incoloros. Ampliamente utilizada en diversas aplicaciones industriales y cer\u00e1micas. Es una sustancia peligrosa.<\/p>\n<p>El producto tiene una presentaci\u00f3n en sacos de: 25 KG, 1.25 TM y 1 TM<\/p>\n","protected":false},"featured_media":4397,"template":"","meta":[],"product_brand":[],"product_cat":[283,135,105],"product_tag":[],"class_list":{"0":"post-3914","1":"product","2":"type-product","3":"status-publish","4":"has-post-thumbnail","6":"product_cat-carbonato-de-bario-ceramicos","7":"product_cat-refractarios","8":"product_cat-ceramica-y-abrasivos","10":"first","11":"instock","12":"downloadable","13":"product-type-simple"},"_links":{"self":[{"href":"https:\/\/www.possehl.mx\/en\/wp-json\/wp\/v2\/product\/3914","targetHints":{"allow":["GET"]}}],"collection":[{"href":"https:\/\/www.possehl.mx\/en\/wp-json\/wp\/v2\/product"}],"about":[{"href":"https:\/\/www.possehl.mx\/en\/wp-json\/wp\/v2\/types\/product"}],"wp:featuredmedia":[{"embeddable":true,"href":"https:\/\/www.possehl.mx\/en\/wp-json\/wp\/v2\/media\/4397"}],"wp:attachment":[{"href":"https:\/\/www.possehl.mx\/en\/wp-json\/wp\/v2\/media?parent=3914"}],"wp:term":[{"taxonomy":"product_brand","embeddable":true,"href":"https:\/\/www.possehl.mx\/en\/wp-json\/wp\/v2\/product_brand?post=3914"},{"taxonomy":"product_cat","embeddable":true,"href":"https:\/\/www.possehl.mx\/en\/wp-json\/wp\/v2\/product_cat?post=3914"},{"taxonomy":"product_tag","embeddable":true,"href":"https:\/\/www.possehl.mx\/en\/wp-json\/wp\/v2\/product_tag?post=3914"}],"curies":[{"name":"wp","href":"https:\/\/api.w.org\/{rel}","templated":true}]}}