{"id":3922,"date":"2020-07-30T13:49:32","date_gmt":"2020-07-30T18:49:32","guid":{"rendered":"https:\/\/www.possehl.mx\/product\/sin%20categor\u00eda\/alumina-electrofundida-blanca\/"},"modified":"2022-08-18T10:25:39","modified_gmt":"2022-08-18T15:25:39","slug":"alumina-electrofundida-blanca","status":"publish","type":"product","link":"https:\/\/www.possehl.mx\/en\/productos\/refractories-en\/fused-alumina\/alumina-electrofundida-blanca\/","title":{"rendered":"ALUMINA ELECTROFUNDIDA BLANCA"},"content":{"rendered":"<div class=\"wpb-content-wrapper\"><p>[vc_row][vc_column][vc_column_text text_larger=&#8221;no&#8221;]La al\u00famina electrofundida blanca (\u201cWFA\u201d) se produce a partir de la fusi\u00f3n de al\u00famina calcinada en hornos de arco el\u00e9ctrico a una temperatura de aproximadamente 2,000\u00b0C. Tiene una alta refractariedad y es extremadamente dura y resistente.<\/p>\n<p>De acuerdo con los requisitos finales, la WFA se puede producir en hornos tipo Higgins o en hornos basculantes.<\/p>\n<p>El producto obtenido de los hornos es triturado y tamizado con el finde obtener las fracciones de tama\u00f1o espec\u00edficamente requeridas por los clientes.<\/p>\n<p>AN\u00c1LISIS QU\u00cdMICO<br \/>\nComposici\u00f3n \u2013 Especificaci\u00f3n<br \/>\nAl2O3 99.0 % M\u00edn.<br \/>\nFe2O3 0.1 % M\u00e1x.<br \/>\nSiO2 0.1 % M\u00e1x.<br \/>\nNa2O 0.4 % M\u00e1x.[\/vc_column_text][\/vc_column][\/vc_row]<\/p>\n<\/div>","protected":false},"excerpt":{"rendered":"<p>La Alumina Electrofundida Blanca (White fused alumina) es producida mediante la fusi\u00f3n de al\u00famina calcinada en un horno de arco el\u00e9ctrico. Es de color blanco, un mineral denso y tiene predominantemente cristales grandes de alfa al\u00famina.<\/p>\n<p>El producto tiene una presentaci\u00f3n como polvo blanco en sacos de: 1 TM<\/p>\n","protected":false},"featured_media":4397,"template":"","meta":[],"product_brand":[],"product_cat":[141,135],"product_tag":[],"class_list":{"0":"post-3922","1":"product","2":"type-product","3":"status-publish","4":"has-post-thumbnail","6":"product_cat-alumina-electrofundida","7":"product_cat-refractarios","9":"first","10":"instock","11":"downloadable","12":"product-type-simple"},"_links":{"self":[{"href":"https:\/\/www.possehl.mx\/en\/wp-json\/wp\/v2\/product\/3922","targetHints":{"allow":["GET"]}}],"collection":[{"href":"https:\/\/www.possehl.mx\/en\/wp-json\/wp\/v2\/product"}],"about":[{"href":"https:\/\/www.possehl.mx\/en\/wp-json\/wp\/v2\/types\/product"}],"wp:featuredmedia":[{"embeddable":true,"href":"https:\/\/www.possehl.mx\/en\/wp-json\/wp\/v2\/media\/4397"}],"wp:attachment":[{"href":"https:\/\/www.possehl.mx\/en\/wp-json\/wp\/v2\/media?parent=3922"}],"wp:term":[{"taxonomy":"product_brand","embeddable":true,"href":"https:\/\/www.possehl.mx\/en\/wp-json\/wp\/v2\/product_brand?post=3922"},{"taxonomy":"product_cat","embeddable":true,"href":"https:\/\/www.possehl.mx\/en\/wp-json\/wp\/v2\/product_cat?post=3922"},{"taxonomy":"product_tag","embeddable":true,"href":"https:\/\/www.possehl.mx\/en\/wp-json\/wp\/v2\/product_tag?post=3922"}],"curies":[{"name":"wp","href":"https:\/\/api.w.org\/{rel}","templated":true}]}}