{"id":4032,"date":"2020-07-30T21:23:58","date_gmt":"2020-07-31T02:23:58","guid":{"rendered":"https:\/\/www.possehl.mx\/product\/sin%20categor\u00eda\/antracita-82\/"},"modified":"2024-06-18T14:27:37","modified_gmt":"2024-06-18T20:27:37","slug":"antracita-82","status":"publish","type":"product","link":"https:\/\/www.possehl.mx\/en\/productos\/steel-and-smelting\/anthracite\/antracita-82\/","title":{"rendered":"ANTRACITA 82"},"content":{"rendered":"<div class=\"wpb-content-wrapper\"><p>[vc_row][vc_column][vc_column_text text_larger=&#8221;no&#8221;]La antracita 82 es una variedad de carb\u00f3n mineral de color negro brillante y con un alto contenido de carb\u00f3n fijo. Es obtenido a trav\u00e9s de la miner\u00eda y posteriormente procesado para limpiar el exceso de cenizas e impurezas. Existe producci\u00f3n en diversas regiones, siendo Per\u00fa, Rusia y Europa del Este las regiones con grados de antracita de mayor pureza.<\/p>\n<p>AN\u00c1LISIS QU\u00cdMICO<br \/>\nComposici\u00f3n \u2013 Especificaci\u00f3n<br \/>\nCarbono Fijo 75.0 % M\u00edn.<br \/>\nMateria Vol\u00e1til + Ceniza 25.0 % M\u00e1x.<br \/>\nAzufre 1.0 % M\u00e1x.<br \/>\nHumedad 1.0 % M\u00e1x.[\/vc_column_text][\/vc_column][\/vc_row]<\/p>\n<\/div>","protected":false},"excerpt":{"rendered":"<p>Carb\u00f3n duro, negro brillante que se presenta como granulado irregular 10 a 40 mm (0.39 in a 1.6 in).<\/p>\n<p>El producto tiene una presentaci\u00f3n en sacos de: 400 Kg, .400 TM, .500 TM, .600 TM, .800 TM, 1 TM, 1.2 TM, 1.5 TM y Granel<\/p>\n","protected":false},"featured_media":3704,"template":"","meta":[],"product_brand":[],"product_cat":[146,120],"product_tag":[],"class_list":{"0":"post-4032","1":"product","2":"type-product","3":"status-publish","4":"has-post-thumbnail","6":"product_cat-antracita","7":"product_cat-siderurgia-y-fundicion","9":"first","10":"instock","11":"downloadable","12":"product-type-simple"},"_links":{"self":[{"href":"https:\/\/www.possehl.mx\/en\/wp-json\/wp\/v2\/product\/4032","targetHints":{"allow":["GET"]}}],"collection":[{"href":"https:\/\/www.possehl.mx\/en\/wp-json\/wp\/v2\/product"}],"about":[{"href":"https:\/\/www.possehl.mx\/en\/wp-json\/wp\/v2\/types\/product"}],"wp:featuredmedia":[{"embeddable":true,"href":"https:\/\/www.possehl.mx\/en\/wp-json\/wp\/v2\/media\/3704"}],"wp:attachment":[{"href":"https:\/\/www.possehl.mx\/en\/wp-json\/wp\/v2\/media?parent=4032"}],"wp:term":[{"taxonomy":"product_brand","embeddable":true,"href":"https:\/\/www.possehl.mx\/en\/wp-json\/wp\/v2\/product_brand?post=4032"},{"taxonomy":"product_cat","embeddable":true,"href":"https:\/\/www.possehl.mx\/en\/wp-json\/wp\/v2\/product_cat?post=4032"},{"taxonomy":"product_tag","embeddable":true,"href":"https:\/\/www.possehl.mx\/en\/wp-json\/wp\/v2\/product_tag?post=4032"}],"curies":[{"name":"wp","href":"https:\/\/api.w.org\/{rel}","templated":true}]}}