{"id":4045,"date":"2020-07-30T21:23:58","date_gmt":"2020-07-31T02:23:58","guid":{"rendered":"https:\/\/www.possehl.mx\/product\/sin%20categor\u00eda\/kerflux-c-3-40-mm\/"},"modified":"2022-07-11T22:38:52","modified_gmt":"2022-07-12T03:38:52","slug":"kerflux-c-3-40-mm","status":"publish","type":"product","link":"https:\/\/www.possehl.mx\/en\/productos\/steel-and-smelting\/clinker-en\/kerflux-c-3-40-mm\/","title":{"rendered":"KERFLUX C 3-40 MM"},"content":{"rendered":"<div class=\"wpb-content-wrapper\"><p>[vc_row][vc_column][vc_column_text text_larger=&#8221;no&#8221;]Es un aluminato de calcio producido a partir de una mezcla mec\u00e1nica aglomerada en fr\u00edo que se usa principalmente para acondicionar la escoria en el arrabio y el acero, haciendo la escoria mas fluida y ayudando a reducir el contenido de azufre en el ba\u00f1o. Lo anterior ayuda a reducir los costos de operaci\u00f3n al ahorrar tiempo en la limpieza de la escoria as\u00ed como alargar la vida del refractario.<\/p>\n<p>AN\u00c1LISIS QU\u00cdMICO<br \/>\nComposici\u00f3n &#8211; Especificaci\u00f3n<br \/>\nAl2O3 50.0 -58.0 %<br \/>\nCaO 30.0 &#8211; 38.0 %<br \/>\nSiO2 6.00 % M\u00e1x.<br \/>\nFe2O3 4.00 % M\u00e1x.<br \/>\nMgO 2.00 % M\u00e1x.<br \/>\nHumedad 0.05 % M\u00e1x.[\/vc_column_text][\/vc_column][\/vc_row]<\/p>\n<\/div>","protected":false},"excerpt":{"rendered":"<p>Aluminato de calcio aglomerado en fr\u00edo en forma de briquetas.<\/p>\n<p>El producto tiene una presentaci\u00f3n en sacos de: 1.2 TM<\/p>\n","protected":false},"featured_media":3775,"template":"","meta":[],"product_brand":[],"product_cat":[148,120],"product_tag":[],"class_list":{"0":"post-4045","1":"product","2":"type-product","3":"status-publish","4":"has-post-thumbnail","6":"product_cat-clinker","7":"product_cat-siderurgia-y-fundicion","9":"first","10":"instock","11":"downloadable","12":"product-type-simple"},"_links":{"self":[{"href":"https:\/\/www.possehl.mx\/en\/wp-json\/wp\/v2\/product\/4045","targetHints":{"allow":["GET"]}}],"collection":[{"href":"https:\/\/www.possehl.mx\/en\/wp-json\/wp\/v2\/product"}],"about":[{"href":"https:\/\/www.possehl.mx\/en\/wp-json\/wp\/v2\/types\/product"}],"wp:featuredmedia":[{"embeddable":true,"href":"https:\/\/www.possehl.mx\/en\/wp-json\/wp\/v2\/media\/3775"}],"wp:attachment":[{"href":"https:\/\/www.possehl.mx\/en\/wp-json\/wp\/v2\/media?parent=4045"}],"wp:term":[{"taxonomy":"product_brand","embeddable":true,"href":"https:\/\/www.possehl.mx\/en\/wp-json\/wp\/v2\/product_brand?post=4045"},{"taxonomy":"product_cat","embeddable":true,"href":"https:\/\/www.possehl.mx\/en\/wp-json\/wp\/v2\/product_cat?post=4045"},{"taxonomy":"product_tag","embeddable":true,"href":"https:\/\/www.possehl.mx\/en\/wp-json\/wp\/v2\/product_tag?post=4045"}],"curies":[{"name":"wp","href":"https:\/\/api.w.org\/{rel}","templated":true}]}}