{"id":4047,"date":"2020-07-30T21:23:58","date_gmt":"2020-07-31T02:23:58","guid":{"rendered":"https:\/\/www.possehl.mx\/product\/sin%20categor\u00eda\/coque-grado-metalurgico\/"},"modified":"2022-07-11T22:52:06","modified_gmt":"2022-07-12T03:52:06","slug":"coque-grado-metalurgico","status":"publish","type":"product","link":"https:\/\/www.possehl.mx\/en\/productos\/steel-and-smelting\/coke\/coque-grado-metalurgico\/","title":{"rendered":"COQUE GRADO METALURGICO"},"content":{"rendered":"<div class=\"wpb-content-wrapper\"><p>[vc_row][vc_column][vc_column_text text_larger=&#8221;no&#8221;]El coque grado metal\u00fargico es un producto obtenido como resultado del proceso de coquizaci\u00f3n del carb\u00f3n mineral coquizable. El Carb\u00f3n mineral coquizable es obtenido a partir de mezclas f\u00edsicas de distintas calidades de carb\u00f3n mineral y este es expuesto a altas temperaturas dentro de hornos de coquizaci\u00f3n que permiten eliminar impurezas y obtener un coque de mayor pureza. Se presenta como piedras de color gris obscuro de diversas granulometr\u00edas.<\/p>\n<p>AN\u00c1LISIS QU\u00cdMICO<br \/>\nComposici\u00f3n &#8211; Especificaci\u00f3n<br \/>\nCarbono Fijo (base seca) 86.5 % M\u00edn.<br \/>\nMateria Vol\u00e1til 1.5 % M\u00e1x.<br \/>\nCeniza 12.0 % M\u00e1x.<br \/>\nHumedad 7.00 % M\u00e1x.<br \/>\nAzufre 0.045 % M\u00e1x.<br \/>\nF\u00f3sforo 0.045 % M\u00e1x.[\/vc_column_text][\/vc_column][\/vc_row]<\/p>\n<\/div>","protected":false},"excerpt":{"rendered":"<p>Coque de alta pureza y alta dureza obtenido del proceso de coquizaci\u00f3n de carb\u00f3n mineral. Se presenta como un granulado de color gris opaco<\/p>\n<p>El producto tiene una presentaci\u00f3n en sacos de: .500 TM, .600 TM, 1 TM, 1.5 TM, 1.250 TM, Granel<\/p>\n","protected":false},"featured_media":4397,"template":"","meta":[],"product_brand":[],"product_cat":[149,120],"product_tag":[],"class_list":{"0":"post-4047","1":"product","2":"type-product","3":"status-publish","4":"has-post-thumbnail","6":"product_cat-coque","7":"product_cat-siderurgia-y-fundicion","9":"first","10":"instock","11":"downloadable","12":"product-type-simple"},"_links":{"self":[{"href":"https:\/\/www.possehl.mx\/en\/wp-json\/wp\/v2\/product\/4047","targetHints":{"allow":["GET"]}}],"collection":[{"href":"https:\/\/www.possehl.mx\/en\/wp-json\/wp\/v2\/product"}],"about":[{"href":"https:\/\/www.possehl.mx\/en\/wp-json\/wp\/v2\/types\/product"}],"wp:featuredmedia":[{"embeddable":true,"href":"https:\/\/www.possehl.mx\/en\/wp-json\/wp\/v2\/media\/4397"}],"wp:attachment":[{"href":"https:\/\/www.possehl.mx\/en\/wp-json\/wp\/v2\/media?parent=4047"}],"wp:term":[{"taxonomy":"product_brand","embeddable":true,"href":"https:\/\/www.possehl.mx\/en\/wp-json\/wp\/v2\/product_brand?post=4047"},{"taxonomy":"product_cat","embeddable":true,"href":"https:\/\/www.possehl.mx\/en\/wp-json\/wp\/v2\/product_cat?post=4047"},{"taxonomy":"product_tag","embeddable":true,"href":"https:\/\/www.possehl.mx\/en\/wp-json\/wp\/v2\/product_tag?post=4047"}],"curies":[{"name":"wp","href":"https:\/\/api.w.org\/{rel}","templated":true}]}}