{"id":4048,"date":"2020-07-30T21:23:58","date_gmt":"2020-07-31T02:23:58","guid":{"rendered":"https:\/\/www.possehl.mx\/product\/sin%20categor\u00eda\/ferro-silicio-65-10x50-mm\/"},"modified":"2022-07-12T09:18:39","modified_gmt":"2022-07-12T14:18:39","slug":"ferro-silicio-65-10x50-mm","status":"publish","type":"product","link":"https:\/\/www.possehl.mx\/en\/productos\/steel-and-smelting\/ferro-silicon\/ferro-silicio-65-10x50-mm\/","title":{"rendered":"FERRO SILICIO 65% 10X50 MM"},"content":{"rendered":"<div class=\"wpb-content-wrapper\"><p>[vc_row][vc_column][vc_column_text text_larger=&#8221;no&#8221;]El ferro silicio 65% es una aleaci\u00f3n de hierro y silicio con un contenido controlado de aluminio y otras impurezas, principalmente Carb\u00f3n, Azufre y F\u00f3sforo. Se presenta en forma de piedra color gris brillante con un tama\u00f1o de granulado a piedras de forma irregular.<\/p>\n<p>AN\u00c1LISIS QU\u00cdMICO<br \/>\nComposici\u00f3n &#8211; Especificaci\u00f3n<br \/>\nSi 65.0 % M\u00edn.<br \/>\nC 0.10 % M\u00e1x.<br \/>\nS 0.025 % M\u00e1x.<br \/>\nP 0.035 % M\u00e1x.<br \/>\nAl 1.50 % M\u00e1x.<br \/>\nMn 0.40 % M\u00e1x.[\/vc_column_text][\/vc_column][\/vc_row]<\/p>\n<\/div>","protected":false},"excerpt":{"rendered":"<p>Aleaci\u00f3n de hierro y silicio con un contenido de silicio de 65%, que se presenta en forma de piedra color gris oscuro con brillos met\u00e1licos.<\/p>\n<p>El producto tiene una presentaci\u00f3n en sacos de: 1 TM<\/p>\n","protected":false},"featured_media":3745,"template":"","meta":[],"product_brand":[],"product_cat":[150,120],"product_tag":[],"class_list":{"0":"post-4048","1":"product","2":"type-product","3":"status-publish","4":"has-post-thumbnail","6":"product_cat-ferro-silicio","7":"product_cat-siderurgia-y-fundicion","9":"first","10":"instock","11":"downloadable","12":"product-type-simple"},"_links":{"self":[{"href":"https:\/\/www.possehl.mx\/en\/wp-json\/wp\/v2\/product\/4048","targetHints":{"allow":["GET"]}}],"collection":[{"href":"https:\/\/www.possehl.mx\/en\/wp-json\/wp\/v2\/product"}],"about":[{"href":"https:\/\/www.possehl.mx\/en\/wp-json\/wp\/v2\/types\/product"}],"wp:featuredmedia":[{"embeddable":true,"href":"https:\/\/www.possehl.mx\/en\/wp-json\/wp\/v2\/media\/3745"}],"wp:attachment":[{"href":"https:\/\/www.possehl.mx\/en\/wp-json\/wp\/v2\/media?parent=4048"}],"wp:term":[{"taxonomy":"product_brand","embeddable":true,"href":"https:\/\/www.possehl.mx\/en\/wp-json\/wp\/v2\/product_brand?post=4048"},{"taxonomy":"product_cat","embeddable":true,"href":"https:\/\/www.possehl.mx\/en\/wp-json\/wp\/v2\/product_cat?post=4048"},{"taxonomy":"product_tag","embeddable":true,"href":"https:\/\/www.possehl.mx\/en\/wp-json\/wp\/v2\/product_tag?post=4048"}],"curies":[{"name":"wp","href":"https:\/\/api.w.org\/{rel}","templated":true}]}}