{"id":4052,"date":"2020-07-30T21:24:02","date_gmt":"2020-07-31T02:24:02","guid":{"rendered":"https:\/\/www.possehl.mx\/product\/sin%20categor\u00eda\/silico-manganeso\/"},"modified":"2022-07-12T12:14:37","modified_gmt":"2022-07-12T17:14:37","slug":"silico-manganeso","status":"publish","type":"product","link":"https:\/\/www.possehl.mx\/en\/productos\/steel-and-smelting\/ferro-silicon-manganese\/silico-manganeso\/","title":{"rendered":"Silicio Manganeso"},"content":{"rendered":"<div class=\"wpb-content-wrapper\"><p>[vc_row][vc_column][vc_column_text text_larger=&#8221;no&#8221;]El Ferro Silico Manganeso es una aleaci\u00f3n de hierro, Manganeso y Silicio con un contenido controlado de impurezas como Carb\u00f3n, Azufre y F\u00f3sforo. Se presenta como pirdras de color gris oscuro con brillos met\u00e1licos.<\/p>\n<p>AN\u00c1LISIS QU\u00cdMICO<br \/>\nComposici\u00f3n &#8211; Especificaci\u00f3n<br \/>\nSi 65.0 % M\u00edn.<br \/>\nMn 16. % Min.[\/vc_column_text][\/vc_column][\/vc_row]<\/p>\n<\/div>","protected":false},"excerpt":{"rendered":"<p>Aleaci\u00f3n de hierro, Manganeso y Silicio con un contenido controlado de impurezas como Carb\u00f3n, Azufre y F\u00f3sforo. Se presenta en forma de piedra color gris oscuro con brillos met\u00e1licos.<\/p>\n<p>El producto tiene una presentaci\u00f3n en sacos de: 1.0tm, 1.25tm<\/p>\n","protected":false},"featured_media":3743,"template":"","meta":[],"product_brand":[],"product_cat":[304,120],"product_tag":[],"class_list":{"0":"post-4052","1":"product","2":"type-product","3":"status-publish","4":"has-post-thumbnail","6":"product_cat-ferro-silicio-manganeso","7":"product_cat-siderurgia-y-fundicion","9":"first","10":"instock","11":"downloadable","12":"product-type-simple"},"_links":{"self":[{"href":"https:\/\/www.possehl.mx\/en\/wp-json\/wp\/v2\/product\/4052","targetHints":{"allow":["GET"]}}],"collection":[{"href":"https:\/\/www.possehl.mx\/en\/wp-json\/wp\/v2\/product"}],"about":[{"href":"https:\/\/www.possehl.mx\/en\/wp-json\/wp\/v2\/types\/product"}],"wp:featuredmedia":[{"embeddable":true,"href":"https:\/\/www.possehl.mx\/en\/wp-json\/wp\/v2\/media\/3743"}],"wp:attachment":[{"href":"https:\/\/www.possehl.mx\/en\/wp-json\/wp\/v2\/media?parent=4052"}],"wp:term":[{"taxonomy":"product_brand","embeddable":true,"href":"https:\/\/www.possehl.mx\/en\/wp-json\/wp\/v2\/product_brand?post=4052"},{"taxonomy":"product_cat","embeddable":true,"href":"https:\/\/www.possehl.mx\/en\/wp-json\/wp\/v2\/product_cat?post=4052"},{"taxonomy":"product_tag","embeddable":true,"href":"https:\/\/www.possehl.mx\/en\/wp-json\/wp\/v2\/product_tag?post=4052"}],"curies":[{"name":"wp","href":"https:\/\/api.w.org\/{rel}","templated":true}]}}