{"id":4054,"date":"2020-07-30T21:24:02","date_gmt":"2020-07-31T02:24:02","guid":{"rendered":"https:\/\/www.possehl.mx\/product\/sin%20categor\u00eda\/ferro-silicio-magnesio-6811\/"},"modified":"2021-05-17T23:20:33","modified_gmt":"2021-05-18T04:20:33","slug":"ferro-silicio-magnesio-6811","status":"publish","type":"product","link":"https:\/\/www.possehl.mx\/en\/productos\/steel-and-smelting\/ferro-silicon-magnesium-en\/ferro-silicio-magnesio-6811\/","title":{"rendered":"FERRO SILICIO MAGNESIO 6811"},"content":{"rendered":"<div class=\"wpb-content-wrapper\"><p>[vc_row][vc_column][vc_column_text text_larger=&#8221;no&#8221;]El Ferro Silicio Magnesio 6811 es una aleaci\u00f3n de hierro y silicio con un contenido definido de magnesio, calcio, aluminio y tierras raras. Se presenta en forma de piedra color gris brillante con un tama\u00f1o de granulado a piedras peque\u00f1as de forma irregular. Su producci\u00f3n requiere de un estricto control de proceso y calidad para garantizar una composici\u00f3n qu\u00edmica uniforme y fases estequiom\u00e9tricas que permitan un mejor aprovechamiento de cada elemento componente. Dichos controles son logrados por un n\u00famero reducido de compa\u00f1\u00edas a nivel mundial, entre las que destaca SNAM ALLOYS.<\/p>\n<p>AN\u00c1LISIS QU\u00cdMICO<br \/>\nComposici\u00f3n &#8211; Especificaci\u00f3n<br \/>\nSi 43-48 %<br \/>\nMg 6.5-7.5 %<br \/>\nCa 0.8-1.2 %<br \/>\nAl 1.0 % M\u00e1x.<br \/>\nTierras Raras 1.0-1.5 %[\/vc_column_text][\/vc_column][\/vc_row]<\/p>\n<\/div>","protected":false},"excerpt":{"rendered":"<p>Aleaci\u00f3n de hierro y silicio con un contenido definido de magnesio, calcio, aluminio y tierras raras. El contenido m\u00ednimo de magnesio es de 6.5%. Se presenta en forma de piedra color gris brillante.<\/p>\n<p>El producto tiene una presentaci\u00f3n en sacos de: 1 TM + pallet<\/p>\n","protected":false},"featured_media":3743,"template":"","meta":[],"product_brand":[],"product_cat":[305,120],"product_tag":[],"class_list":{"0":"post-4054","1":"product","2":"type-product","3":"status-publish","4":"has-post-thumbnail","6":"product_cat-ferro-silicio-magnesio","7":"product_cat-siderurgia-y-fundicion","9":"first","10":"instock","11":"downloadable","12":"product-type-simple"},"_links":{"self":[{"href":"https:\/\/www.possehl.mx\/en\/wp-json\/wp\/v2\/product\/4054","targetHints":{"allow":["GET"]}}],"collection":[{"href":"https:\/\/www.possehl.mx\/en\/wp-json\/wp\/v2\/product"}],"about":[{"href":"https:\/\/www.possehl.mx\/en\/wp-json\/wp\/v2\/types\/product"}],"wp:featuredmedia":[{"embeddable":true,"href":"https:\/\/www.possehl.mx\/en\/wp-json\/wp\/v2\/media\/3743"}],"wp:attachment":[{"href":"https:\/\/www.possehl.mx\/en\/wp-json\/wp\/v2\/media?parent=4054"}],"wp:term":[{"taxonomy":"product_brand","embeddable":true,"href":"https:\/\/www.possehl.mx\/en\/wp-json\/wp\/v2\/product_brand?post=4054"},{"taxonomy":"product_cat","embeddable":true,"href":"https:\/\/www.possehl.mx\/en\/wp-json\/wp\/v2\/product_cat?post=4054"},{"taxonomy":"product_tag","embeddable":true,"href":"https:\/\/www.possehl.mx\/en\/wp-json\/wp\/v2\/product_tag?post=4054"}],"curies":[{"name":"wp","href":"https:\/\/api.w.org\/{rel}","templated":true}]}}