{"id":4060,"date":"2020-07-30T21:24:13","date_gmt":"2020-07-31T02:24:13","guid":{"rendered":"https:\/\/www.possehl.mx\/product\/sin%20categor\u00eda\/silicio-metalico\/"},"modified":"2021-05-19T10:25:13","modified_gmt":"2021-05-19T15:25:13","slug":"silicio-metalico","status":"publish","type":"product","link":"https:\/\/www.possehl.mx\/en\/productos\/steel-and-smelting\/silicon-metal\/silicio-metalico\/","title":{"rendered":"SILICIO MET\u00c1LICO"},"content":{"rendered":"<div class=\"wpb-content-wrapper\"><p>[vc_row][vc_column][vc_column_text text_larger=&#8221;no&#8221;]El silicio es un elemento qu\u00edmico, met\u00e1lico en apariencia, s\u00f3lido en masa, color gris acero, que se encuentra com\u00fanmente en la naturaleza en combinaci\u00f3n con ox\u00edgeno ya sea como s\u00edlice (SiO2) o en combinaci\u00f3n con ox\u00edgeno y un metal en minerales de silicato. Aunque com\u00fanmente se conoce como metal, el silicio exhibe caracter\u00edsticas de metales y no metales. El silicio met\u00e1lico es un material policristalino cuyos cristales tienen una estructura c\u00fabica de diamante a presi\u00f3n atmosf\u00e9rica.<\/p>\n<p>AN\u00c1LISIS QU\u00cdMICO<br \/>\nComposici\u00f3n Especificaci\u00f3n<br \/>\nSi 99.0 % M\u00edn.<br \/>\nFe 0.30 % M\u00e1x.<br \/>\nAl 0.30 % M\u00e1x.<br \/>\nCa 0.03 % M\u00e1x.[\/vc_column_text][\/vc_column][\/vc_row]<\/p>\n<\/div>","protected":false},"excerpt":{"rendered":"<p>Elemento qu\u00edmico no. 14 en su estado met\u00e1lico. Ampliamente utilizado como un aleante que se presenta en forma de gr\u00e1nulos o piedras de color plata brillante.<\/p>\n<p>El producto tiene una presentaci\u00f3n en sacos de: 1 TM<\/p>\n","protected":false},"featured_media":4397,"template":"","meta":[],"product_brand":[],"product_cat":[135,152,120],"product_tag":[],"class_list":{"0":"post-4060","1":"product","2":"type-product","3":"status-publish","4":"has-post-thumbnail","6":"product_cat-refractarios","7":"product_cat-silicio-metalico","8":"product_cat-siderurgia-y-fundicion","10":"first","11":"instock","12":"downloadable","13":"product-type-simple"},"_links":{"self":[{"href":"https:\/\/www.possehl.mx\/en\/wp-json\/wp\/v2\/product\/4060","targetHints":{"allow":["GET"]}}],"collection":[{"href":"https:\/\/www.possehl.mx\/en\/wp-json\/wp\/v2\/product"}],"about":[{"href":"https:\/\/www.possehl.mx\/en\/wp-json\/wp\/v2\/types\/product"}],"wp:featuredmedia":[{"embeddable":true,"href":"https:\/\/www.possehl.mx\/en\/wp-json\/wp\/v2\/media\/4397"}],"wp:attachment":[{"href":"https:\/\/www.possehl.mx\/en\/wp-json\/wp\/v2\/media?parent=4060"}],"wp:term":[{"taxonomy":"product_brand","embeddable":true,"href":"https:\/\/www.possehl.mx\/en\/wp-json\/wp\/v2\/product_brand?post=4060"},{"taxonomy":"product_cat","embeddable":true,"href":"https:\/\/www.possehl.mx\/en\/wp-json\/wp\/v2\/product_cat?post=4060"},{"taxonomy":"product_tag","embeddable":true,"href":"https:\/\/www.possehl.mx\/en\/wp-json\/wp\/v2\/product_tag?post=4060"}],"curies":[{"name":"wp","href":"https:\/\/api.w.org\/{rel}","templated":true}]}}