{"id":4061,"date":"2020-07-30T21:24:02","date_gmt":"2020-07-31T02:24:02","guid":{"rendered":"https:\/\/www.possehl.mx\/product\/sin%20categor\u00eda\/ferro-cromo-60-alto-carbon-10-50-mm\/"},"modified":"2021-08-23T18:59:56","modified_gmt":"2021-08-23T23:59:56","slug":"ferro-cromo-60-alto-carbon-10-50-mm","status":"publish","type":"product","link":"https:\/\/www.possehl.mx\/en\/productos\/steel-and-smelting\/ferro-chrome\/ferro-cromo-60-alto-carbon-10-50-mm\/","title":{"rendered":"FERRO CROMO 60 ALTO CARBON 10-50 MM"},"content":{"rendered":"<div class=\"wpb-content-wrapper\"><p>[vc_row][vc_column][vc_column_text text_larger=&#8221;no&#8221;]Es una aleaci\u00f3n obtenida a partir de la fundici\u00f3n de chatarra de hierro y mineral de cromo. Se presenta como piedras de color plateado que van desde el opaco hasta el brillante y en granulometr\u00edas variadas, desde gr\u00e1nulos hasta piedras irregulares. Presenta distintos contenidos de Cr, Si y C principalmente, caracter\u00edsticas que se definen seg\u00fan la aplicaci\u00f3n requerida. Dependiendo de su contenido de carb\u00f3n se clasifica en ferro cromo alto carb\u00f3n (4.0-8.5 % C), medio carb\u00f3n (0.5-4.0 % C) y bajo carb\u00f3n (0.01-0.5 % C).<\/p>\n<p>AN\u00c1LISIS QU\u00cdMICO<br \/>\nComposici\u00f3n &#8211; Especificaci\u00f3n<br \/>\nCr 60.0 % M\u00edn.<br \/>\nC 8.0 % M\u00e1x.<br \/>\nSi 3.0 % M\u00e1x.<br \/>\nP 0.030 % M\u00e1x.<br \/>\nS 0.060 % M\u00e1x.[\/vc_column_text][\/vc_column][\/vc_row]<\/p>\n<\/div>","protected":false},"excerpt":{"rendered":"<p>Aleaci\u00f3n de hierro con un contenido de cromo de al menos 60% en masa. Se presenta en forma de piedra color plateado con brillos met\u00e1licos.<\/p>\n<p>El producto tiene una presentaci\u00f3n en sacos de: 1 TM<\/p>\n","protected":false},"featured_media":3789,"template":"","meta":[],"product_brand":[],"product_cat":[153,120],"product_tag":[],"class_list":{"0":"post-4061","1":"product","2":"type-product","3":"status-publish","4":"has-post-thumbnail","6":"product_cat-ferro-cromo","7":"product_cat-siderurgia-y-fundicion","9":"first","10":"instock","11":"downloadable","12":"product-type-simple"},"_links":{"self":[{"href":"https:\/\/www.possehl.mx\/en\/wp-json\/wp\/v2\/product\/4061","targetHints":{"allow":["GET"]}}],"collection":[{"href":"https:\/\/www.possehl.mx\/en\/wp-json\/wp\/v2\/product"}],"about":[{"href":"https:\/\/www.possehl.mx\/en\/wp-json\/wp\/v2\/types\/product"}],"wp:featuredmedia":[{"embeddable":true,"href":"https:\/\/www.possehl.mx\/en\/wp-json\/wp\/v2\/media\/3789"}],"wp:attachment":[{"href":"https:\/\/www.possehl.mx\/en\/wp-json\/wp\/v2\/media?parent=4061"}],"wp:term":[{"taxonomy":"product_brand","embeddable":true,"href":"https:\/\/www.possehl.mx\/en\/wp-json\/wp\/v2\/product_brand?post=4061"},{"taxonomy":"product_cat","embeddable":true,"href":"https:\/\/www.possehl.mx\/en\/wp-json\/wp\/v2\/product_cat?post=4061"},{"taxonomy":"product_tag","embeddable":true,"href":"https:\/\/www.possehl.mx\/en\/wp-json\/wp\/v2\/product_tag?post=4061"}],"curies":[{"name":"wp","href":"https:\/\/api.w.org\/{rel}","templated":true}]}}