{"id":4063,"date":"2020-07-30T21:24:02","date_gmt":"2020-07-31T02:24:02","guid":{"rendered":"https:\/\/www.possehl.mx\/product\/sin%20categor\u00eda\/ferro-cromo-alto\/"},"modified":"2022-08-11T21:47:31","modified_gmt":"2022-08-12T02:47:31","slug":"ferro-cromo-alto","status":"publish","type":"product","link":"https:\/\/www.possehl.mx\/en\/productos\/steel-and-smelting\/ferro-chrome\/ferro-cromo-alto\/","title":{"rendered":"FERRO CROMO ALTO"},"content":{"rendered":"<div class=\"wpb-content-wrapper\"><p>[vc_row][vc_column][vc_column_text text_larger=&#8221;no&#8221;]El ferro cromo alto carb\u00f3n es una aleaci\u00f3n obtenida a partir de la fundici\u00f3n de chatarra de hierro y mineral de cromo. Se presenta como piedras de color plateado que van desde el opaco hasta el brillante y en granulometr\u00edas variadas, desde gr\u00e1nulos hasta piedras irregulares. Presenta distintos contenidos de Cr, Si y C principalmente, caracter\u00edsticas que se definen seg\u00fan la aplicaci\u00f3n requerida. Dependiendo de su contenido de carb\u00f3n se clasifica en ferro cromo alto carb\u00f3n (4.0-8.5 % C), medio carb\u00f3n (0.5-4.0 % C) y bajo carb\u00f3n (0.01-0.5 % C).<\/p>\n<p>AN\u00c1LISIS QU\u00cdMICO<br \/>\nCr 60.0 % M\u00edn.<br \/>\nC 8.0 % M\u00e1x.<br \/>\nSi 3.0 % M\u00e1x.<br \/>\nP 0.030 % M\u00e1x.<br \/>\nS 0.060 % M\u00e1x.[\/vc_column_text][\/vc_column][\/vc_row]<\/p>\n<\/div>","protected":false},"excerpt":{"rendered":"<p>Aleaci\u00f3n de hierro con un contenido de cromo de al menos 60% en masa y un contenido de Carb\u00f3n superior al 8% en masa. Se presenta en forma de piedra color plata de opaca a brillante.<\/p>\n<p>El producto tiene una presentaci\u00f3n en sacos de: 1 TM, 1.8 TM, 1.814 TM y Granel<\/p>\n","protected":false},"featured_media":3789,"template":"","meta":[],"product_brand":[],"product_cat":[153,120],"product_tag":[],"class_list":{"0":"post-4063","1":"product","2":"type-product","3":"status-publish","4":"has-post-thumbnail","6":"product_cat-ferro-cromo","7":"product_cat-siderurgia-y-fundicion","9":"first","10":"instock","11":"downloadable","12":"product-type-simple"},"_links":{"self":[{"href":"https:\/\/www.possehl.mx\/en\/wp-json\/wp\/v2\/product\/4063","targetHints":{"allow":["GET"]}}],"collection":[{"href":"https:\/\/www.possehl.mx\/en\/wp-json\/wp\/v2\/product"}],"about":[{"href":"https:\/\/www.possehl.mx\/en\/wp-json\/wp\/v2\/types\/product"}],"wp:featuredmedia":[{"embeddable":true,"href":"https:\/\/www.possehl.mx\/en\/wp-json\/wp\/v2\/media\/3789"}],"wp:attachment":[{"href":"https:\/\/www.possehl.mx\/en\/wp-json\/wp\/v2\/media?parent=4063"}],"wp:term":[{"taxonomy":"product_brand","embeddable":true,"href":"https:\/\/www.possehl.mx\/en\/wp-json\/wp\/v2\/product_brand?post=4063"},{"taxonomy":"product_cat","embeddable":true,"href":"https:\/\/www.possehl.mx\/en\/wp-json\/wp\/v2\/product_cat?post=4063"},{"taxonomy":"product_tag","embeddable":true,"href":"https:\/\/www.possehl.mx\/en\/wp-json\/wp\/v2\/product_tag?post=4063"}],"curies":[{"name":"wp","href":"https:\/\/api.w.org\/{rel}","templated":true}]}}