{"id":4070,"date":"2020-07-30T21:24:02","date_gmt":"2020-07-31T02:24:02","guid":{"rendered":"https:\/\/www.possehl.mx\/product\/sin%20categor\u00eda\/himan-65-ba-6-2-10-mm\/"},"modified":"2022-08-18T11:50:30","modified_gmt":"2022-08-18T16:50:30","slug":"himan-65-ba-6-2-10-mm","status":"publish","type":"product","link":"https:\/\/www.possehl.mx\/en\/productos\/steel-and-smelting\/inoculants\/himan-65-ba-6-2-10-mm\/","title":{"rendered":"HIMAN 65% BA 6 2-10 MM"},"content":{"rendered":"<div class=\"wpb-content-wrapper\"><p>[vc_row][vc_column][vc_column_text text_larger=&#8221;no&#8221;]Es una aleaci\u00f3n de hierro y silicio con porcentajes definidos de elementos tales como el bario, aluminio, calcio, bismuto, circonio, estroncio, manganeso, entre otros. Se presenta en diversas granulometr\u00edas, primordialmente como un granulado regular de color gris opaco o como part\u00edculas peque\u00f1as con tama\u00f1os controlados.<br \/>\nSu producci\u00f3n requiere de un estricto control de proceso y calidad para garantizar una composici\u00f3n qu\u00edmica uniforme y fases estequiom\u00e9tricas que permitan un mejor aprovechamiento de cada elemento componente. Dichos controles son logrados por un n\u00famero reducido de compa\u00f1\u00edas a nivel mundial, entre las que destaca SNAM ALLOYS.<\/p>\n<p>AN\u00c1LISIS QU\u00cdMICO<br \/>\nComposici\u00f3n Especificaci\u00f3n<br \/>\nSi 60-65 %<br \/>\nBa 4.0-6.0 %<br \/>\nAl 1.0-1.5 %<br \/>\nCa 1.0-1.5 %<br \/>\nMn 9.0-11.0 %[\/vc_column_text][\/vc_column][\/vc_row]<\/p>\n<\/div>","protected":false},"excerpt":{"rendered":"<p>Ferrosilicio con una proporci\u00f3n de 60 a 65% en masa de silicio elemental, con porcentajes definidos de bario, aluminio, calcio y manganeso que se presenta como un granulado irregular de color gris opaco con tama\u00f1os dentro del rango de 2 mm hasta 10 mm<\/p>\n<p>El producto tiene una presentaci\u00f3n en sacos de: 1 TM<\/p>\n","protected":false},"featured_media":4397,"template":"","meta":[],"product_brand":[],"product_cat":[155,120],"product_tag":[],"class_list":{"0":"post-4070","1":"product","2":"type-product","3":"status-publish","4":"has-post-thumbnail","6":"product_cat-inoculantes","7":"product_cat-siderurgia-y-fundicion","9":"first","10":"instock","11":"downloadable","12":"product-type-simple"},"_links":{"self":[{"href":"https:\/\/www.possehl.mx\/en\/wp-json\/wp\/v2\/product\/4070","targetHints":{"allow":["GET"]}}],"collection":[{"href":"https:\/\/www.possehl.mx\/en\/wp-json\/wp\/v2\/product"}],"about":[{"href":"https:\/\/www.possehl.mx\/en\/wp-json\/wp\/v2\/types\/product"}],"wp:featuredmedia":[{"embeddable":true,"href":"https:\/\/www.possehl.mx\/en\/wp-json\/wp\/v2\/media\/4397"}],"wp:attachment":[{"href":"https:\/\/www.possehl.mx\/en\/wp-json\/wp\/v2\/media?parent=4070"}],"wp:term":[{"taxonomy":"product_brand","embeddable":true,"href":"https:\/\/www.possehl.mx\/en\/wp-json\/wp\/v2\/product_brand?post=4070"},{"taxonomy":"product_cat","embeddable":true,"href":"https:\/\/www.possehl.mx\/en\/wp-json\/wp\/v2\/product_cat?post=4070"},{"taxonomy":"product_tag","embeddable":true,"href":"https:\/\/www.possehl.mx\/en\/wp-json\/wp\/v2\/product_tag?post=4070"}],"curies":[{"name":"wp","href":"https:\/\/api.w.org\/{rel}","templated":true}]}}