{"id":4078,"date":"2020-07-30T21:24:06","date_gmt":"2020-07-31T02:24:06","guid":{"rendered":"https:\/\/www.possehl.mx\/product\/sin%20categor\u00eda\/aluminio-boro-6-waffle\/"},"modified":"2021-04-09T11:39:26","modified_gmt":"2021-04-09T16:39:26","slug":"aluminio-boro-6-waffle","status":"publish","type":"product","link":"https:\/\/www.possehl.mx\/en\/productos\/steel-and-smelting\/master-alloys\/aluminio-boro-6-waffle\/","title":{"rendered":"ALUMINIO BORO 6 WAFFLE"},"content":{"rendered":"<div class=\"wpb-content-wrapper\"><p>[vc_row][vc_column][vc_column_text text_larger=&#8221;no&#8221;]Es una Aleaci\u00f3n de aluminio y Boro con niveles de impurezas sumamente bajos. Se presenta en presentaciones variadas, desde el alambre, pasando por las barras y hasta placas wafle. Tiene un color plata brillante propio del aluminio.<\/p>\n<p>Son aleaciones producidas bajo estrictos controles de calidad que permiten una composici\u00f3n qu\u00edmica y fases estequiom\u00e9tricas bien definidas para un mejor rendimiento. Dichos controles son logrados por un n\u00famero reducido de productores alrededor del mundo, entre los que destaca la compa\u00f1\u00eda ALEASTUR.<\/p>\n<p>AN\u00c1LISIS QU\u00cdMICO<br \/>\nComposici\u00f3n Especificaci\u00f3n<br \/>\nB 5.5-6.5 %<br \/>\nSi 0.20 % M\u00e1x.<br \/>\nFe 0.25 % M\u00e1x.<br \/>\nOtros 0.10 % M\u00e1x.[\/vc_column_text][\/vc_column][\/vc_row]<\/p>\n<\/div>","protected":false},"excerpt":{"rendered":"<p>Aleaci\u00f3n maestra de aluminio con un contenido de boro no menor a 5.5 % en peso, color plata brillante en forma de \u201cwaffle\u201d.<\/p>\n<p>El producto tiene una presentaci\u00f3n en sacos de: 1tm<\/p>\n","protected":false},"featured_media":4397,"template":"","meta":[],"product_brand":[],"product_cat":[156,120],"product_tag":[],"class_list":{"0":"post-4078","1":"product","2":"type-product","3":"status-publish","4":"has-post-thumbnail","6":"product_cat-aleaciones-maestras","7":"product_cat-siderurgia-y-fundicion","9":"first","10":"instock","11":"downloadable","12":"product-type-simple"},"_links":{"self":[{"href":"https:\/\/www.possehl.mx\/en\/wp-json\/wp\/v2\/product\/4078","targetHints":{"allow":["GET"]}}],"collection":[{"href":"https:\/\/www.possehl.mx\/en\/wp-json\/wp\/v2\/product"}],"about":[{"href":"https:\/\/www.possehl.mx\/en\/wp-json\/wp\/v2\/types\/product"}],"wp:featuredmedia":[{"embeddable":true,"href":"https:\/\/www.possehl.mx\/en\/wp-json\/wp\/v2\/media\/4397"}],"wp:attachment":[{"href":"https:\/\/www.possehl.mx\/en\/wp-json\/wp\/v2\/media?parent=4078"}],"wp:term":[{"taxonomy":"product_brand","embeddable":true,"href":"https:\/\/www.possehl.mx\/en\/wp-json\/wp\/v2\/product_brand?post=4078"},{"taxonomy":"product_cat","embeddable":true,"href":"https:\/\/www.possehl.mx\/en\/wp-json\/wp\/v2\/product_cat?post=4078"},{"taxonomy":"product_tag","embeddable":true,"href":"https:\/\/www.possehl.mx\/en\/wp-json\/wp\/v2\/product_tag?post=4078"}],"curies":[{"name":"wp","href":"https:\/\/api.w.org\/{rel}","templated":true}]}}