{"id":4079,"date":"2020-07-30T21:24:06","date_gmt":"2020-07-31T02:24:06","guid":{"rendered":"https:\/\/www.possehl.mx\/product\/sin%20categor\u00eda\/aluminio-estroncio\/"},"modified":"2023-05-24T12:24:05","modified_gmt":"2023-05-24T17:24:05","slug":"aluminio-estroncio","status":"publish","type":"product","link":"https:\/\/www.possehl.mx\/en\/productos\/steel-and-smelting\/master-alloys\/aluminio-estroncio\/","title":{"rendered":"ALUMINIO ESTRONCIO"},"content":{"rendered":"<div class=\"wpb-content-wrapper\"><p>[vc_row][vc_column][vc_column_text text_larger=&#8221;no&#8221;]Es una Aleaci\u00f3n de aluminio y estroncio con niveles de impurezas sumamente bajos. Se presenta en presentaciones variadas, desde el alambre, pasando por las barras y hasta las varillas y placas wafle. Tienen un color plata brillante propio del aluminio.<\/p>\n<p>Son aleaciones producidas bajo estrictos controles de calidad que permiten una composici\u00f3n qu\u00edmica y fases estequiom\u00e9tricas bien definidas para un mejor rendimiento. Dichos controles son logrados por un n\u00famero reducido de productores alrededor del mundo, entre los que destaca la compa\u00f1\u00eda ALEASTUR.<\/p>\n<p>AN\u00c1LISIS QU\u00cdMICO<\/p>\n<p>Composici\u00f3n Especificaci\u00f3n<br \/>\nSr 9.0-11.0 %<br \/>\nSi 0.30 % M\u00e1x.<br \/>\nFe 0.30 % M\u00e1x.<br \/>\nCa 0.10 % M\u00e1x.<br \/>\nAl Balance[\/vc_column_text][\/vc_column][\/vc_row]<\/p>\n<\/div>","protected":false},"excerpt":{"rendered":"<p>Aleaci\u00f3n maestra de aluminio y estroncio de color plata brillante que se presenta en distintas formas, desde varillas hasta peque\u00f1os lingotes.<\/p>\n<p>El producto tiene una presentaci\u00f3n en sacos o tambores de: 250 Kg y 1 TM<\/p>\n","protected":false},"featured_media":4397,"template":"","meta":[],"product_brand":[],"product_cat":[156,120],"product_tag":[],"class_list":{"0":"post-4079","1":"product","2":"type-product","3":"status-publish","4":"has-post-thumbnail","6":"product_cat-aleaciones-maestras","7":"product_cat-siderurgia-y-fundicion","9":"first","10":"instock","11":"downloadable","12":"product-type-simple"},"_links":{"self":[{"href":"https:\/\/www.possehl.mx\/en\/wp-json\/wp\/v2\/product\/4079","targetHints":{"allow":["GET"]}}],"collection":[{"href":"https:\/\/www.possehl.mx\/en\/wp-json\/wp\/v2\/product"}],"about":[{"href":"https:\/\/www.possehl.mx\/en\/wp-json\/wp\/v2\/types\/product"}],"wp:featuredmedia":[{"embeddable":true,"href":"https:\/\/www.possehl.mx\/en\/wp-json\/wp\/v2\/media\/4397"}],"wp:attachment":[{"href":"https:\/\/www.possehl.mx\/en\/wp-json\/wp\/v2\/media?parent=4079"}],"wp:term":[{"taxonomy":"product_brand","embeddable":true,"href":"https:\/\/www.possehl.mx\/en\/wp-json\/wp\/v2\/product_brand?post=4079"},{"taxonomy":"product_cat","embeddable":true,"href":"https:\/\/www.possehl.mx\/en\/wp-json\/wp\/v2\/product_cat?post=4079"},{"taxonomy":"product_tag","embeddable":true,"href":"https:\/\/www.possehl.mx\/en\/wp-json\/wp\/v2\/product_tag?post=4079"}],"curies":[{"name":"wp","href":"https:\/\/api.w.org\/{rel}","templated":true}]}}