{"id":4087,"date":"2020-07-30T21:24:06","date_gmt":"2020-07-31T02:24:06","guid":{"rendered":"https:\/\/www.possehl.mx\/product\/sin%20categor\u00eda\/aluminio-en-cono-95-50x70-mm\/"},"modified":"2021-08-16T13:19:47","modified_gmt":"2021-08-16T18:19:47","slug":"aluminio-en-cono-95-50x70-mm","status":"publish","type":"product","link":"https:\/\/www.possehl.mx\/en\/productos\/steel-and-smelting\/metals-en\/aluminio-en-cono-95-50x70-mm\/","title":{"rendered":"ALUMINIO EN CONO 95 50X70 MM"},"content":{"rendered":"<div class=\"wpb-content-wrapper\"><p>[vc_row][vc_column][vc_column_text text_larger=&#8221;no&#8221; woodmart_inline=&#8221;no&#8221;]Es un material producido a partir de chatarra de aluminio que tiene 95% min de Al y contenidos controlados de elementos como zinc y magnesio. Reacciona f\u00e1cilmente con el ox\u00edgeno presente en el acero y por ello se usa en los aceros calmados al aluminio.<\/p>\n<p>AN\u00c1LISIS QU\u00cdMICO<br \/>\nComposici\u00f3n Especificaci\u00f3n<br \/>\nAl 95.0 % M\u00edn.<br \/>\nFe 1.5 % M\u00e1x.<br \/>\nSi 2 % M\u00e1x.<br \/>\nMn 0.5 % M\u00e1x.<br \/>\nMg 1 % M\u00e1x.<br \/>\nZn 1 % M\u00e1x[\/vc_column_text][\/vc_column][\/vc_row]<\/p>\n<\/div>","protected":false},"excerpt":{"rendered":"<p>Aluminio met\u00e1lico (Al) con un contenido m\u00ednimo de 95 % que se presenta en forma de pir\u00e1mide troncoc\u00f3nica (cono truncado).<\/p>\n<p>El producto tiene una presentaci\u00f3n en sacos de: 1.2 TM Big Bag<\/p>\n","protected":false},"featured_media":4397,"template":"","meta":[],"product_brand":[],"product_cat":[287,120],"product_tag":[],"class_list":{"0":"post-4087","1":"product","2":"type-product","3":"status-publish","4":"has-post-thumbnail","6":"product_cat-metales","7":"product_cat-siderurgia-y-fundicion","9":"first","10":"instock","11":"downloadable","12":"product-type-simple"},"_links":{"self":[{"href":"https:\/\/www.possehl.mx\/en\/wp-json\/wp\/v2\/product\/4087","targetHints":{"allow":["GET"]}}],"collection":[{"href":"https:\/\/www.possehl.mx\/en\/wp-json\/wp\/v2\/product"}],"about":[{"href":"https:\/\/www.possehl.mx\/en\/wp-json\/wp\/v2\/types\/product"}],"wp:featuredmedia":[{"embeddable":true,"href":"https:\/\/www.possehl.mx\/en\/wp-json\/wp\/v2\/media\/4397"}],"wp:attachment":[{"href":"https:\/\/www.possehl.mx\/en\/wp-json\/wp\/v2\/media?parent=4087"}],"wp:term":[{"taxonomy":"product_brand","embeddable":true,"href":"https:\/\/www.possehl.mx\/en\/wp-json\/wp\/v2\/product_brand?post=4087"},{"taxonomy":"product_cat","embeddable":true,"href":"https:\/\/www.possehl.mx\/en\/wp-json\/wp\/v2\/product_cat?post=4087"},{"taxonomy":"product_tag","embeddable":true,"href":"https:\/\/www.possehl.mx\/en\/wp-json\/wp\/v2\/product_tag?post=4087"}],"curies":[{"name":"wp","href":"https:\/\/api.w.org\/{rel}","templated":true}]}}