{"id":4088,"date":"2020-07-30T21:24:06","date_gmt":"2020-07-31T02:24:06","guid":{"rendered":"https:\/\/www.possehl.mx\/product\/sin%20categor\u00eda\/antimonio-99\/"},"modified":"2021-04-09T12:05:20","modified_gmt":"2021-04-09T17:05:20","slug":"antimonio-99","status":"publish","type":"product","link":"https:\/\/www.possehl.mx\/en\/productos\/steel-and-smelting\/metals-en\/antimonio-99\/","title":{"rendered":"ANTIMONIO 99"},"content":{"rendered":"<div class=\"wpb-content-wrapper\"><p>[vc_row][vc_column][vc_column_text text_larger=&#8221;no&#8221;]Es un metal obtenido a partir de la refinaci\u00f3n de mineral de antimonio,q ue una vez refinado es vaciado para producir diversas formas, desde lingotes hasta granalla.<\/p>\n<p>AN\u00c1LISIS QU\u00cdMICO<br \/>\nComposici\u00f3n Especificaci\u00f3n<br \/>\nSb 99.0 % M\u00edn.<br \/>\nAs 0.3 % M\u00e1x.<br \/>\nPb 0.3 % M\u00e1x.<br \/>\nBi 0.1 % M\u00e1x.<br \/>\nFe 0.05 % M\u00e1x.<br \/>\nSe 0.01 % M\u00e1x.[\/vc_column_text][\/vc_column][\/vc_row]<\/p>\n<\/div>","protected":false},"excerpt":{"rendered":"<p>Elemento qu\u00edmico no. 51, es un metal extremadamente fr\u00e1gil de una textura cristalina escamosa. Es de color blanco azulado y tiene un brillo met\u00e1lico.<\/p>\n<p>El producto tiene una presentaci\u00f3n en sacos de: 5 Kg, Big bags, 1 TM<\/p>\n","protected":false},"featured_media":4397,"template":"","meta":[],"product_brand":[],"product_cat":[287,120],"product_tag":[],"class_list":{"0":"post-4088","1":"product","2":"type-product","3":"status-publish","4":"has-post-thumbnail","6":"product_cat-metales","7":"product_cat-siderurgia-y-fundicion","9":"first","10":"instock","11":"downloadable","12":"product-type-simple"},"_links":{"self":[{"href":"https:\/\/www.possehl.mx\/en\/wp-json\/wp\/v2\/product\/4088","targetHints":{"allow":["GET"]}}],"collection":[{"href":"https:\/\/www.possehl.mx\/en\/wp-json\/wp\/v2\/product"}],"about":[{"href":"https:\/\/www.possehl.mx\/en\/wp-json\/wp\/v2\/types\/product"}],"wp:featuredmedia":[{"embeddable":true,"href":"https:\/\/www.possehl.mx\/en\/wp-json\/wp\/v2\/media\/4397"}],"wp:attachment":[{"href":"https:\/\/www.possehl.mx\/en\/wp-json\/wp\/v2\/media?parent=4088"}],"wp:term":[{"taxonomy":"product_brand","embeddable":true,"href":"https:\/\/www.possehl.mx\/en\/wp-json\/wp\/v2\/product_brand?post=4088"},{"taxonomy":"product_cat","embeddable":true,"href":"https:\/\/www.possehl.mx\/en\/wp-json\/wp\/v2\/product_cat?post=4088"},{"taxonomy":"product_tag","embeddable":true,"href":"https:\/\/www.possehl.mx\/en\/wp-json\/wp\/v2\/product_tag?post=4088"}],"curies":[{"name":"wp","href":"https:\/\/api.w.org\/{rel}","templated":true}]}}