{"id":4089,"date":"2020-07-30T21:24:06","date_gmt":"2020-07-31T02:24:06","guid":{"rendered":"https:\/\/www.possehl.mx\/product\/sin%20categor\u00eda\/bismuto-metalico-aguja-0-08mmx2-5mm\/"},"modified":"2025-12-08T12:17:15","modified_gmt":"2025-12-08T18:17:15","slug":"bismuto-metalico-aguja-0-08mmx2-5mm","status":"publish","type":"product","link":"https:\/\/www.possehl.mx\/en\/productos\/steel-and-smelting\/metals-en\/bismuto-metalico-aguja-0-08mmx2-5mm\/","title":{"rendered":"BISMUTO METALICO AGUJA"},"content":{"rendered":"<div class=\"wpb-content-wrapper\"><p>[vc_row][vc_column][vc_column_text text_larger=&#8221;no&#8221;]Elemento qu\u00edmico No. 83, con peso at\u00f3mico 208.98g\/mol y densidad de 9780Kg\/m3, es un s\u00f3lido de color gris a blanco con un ligero tono rojizo, tiene brillo met\u00e1lico, es duro, quebradizo y su superficie se oxida en contacto con el aire frecuentemente convirti\u00e9ndolo en iridiscente.<\/p>\n<p>AN\u00c1LISIS QU\u00cdMICO<\/p>\n<p>Composici\u00f3n Especificaci\u00f3n<br \/>\nBi 99.99 % M\u00edn.<br \/>\nAg 5.0 mg\/Kg M\u00e1x.<br \/>\nPb 5.0 mg\/Kg M\u00e1x.<br \/>\nCu 3.0 mg\/Kg M\u00e1x.<br \/>\nTe 2.0 mg\/Kg M\u00e1x.<br \/>\nNi 10.0 mg\/Kg M\u00e1x.<br \/>\nAs 3.0 mg\/Kg M\u00e1x.<br \/>\nSb 3.0 mg\/Kg M\u00e1x.<br \/>\nFe 5.0 mg\/Kg M\u00e1x.<\/p>\n<p>[\/vc_column_text][\/vc_column][\/vc_row]<\/p>\n<\/div>","protected":false},"excerpt":{"rendered":"<p>Elemento qu\u00edmico no. 83 en presentaci\u00f3n de agujas de 0.08 mm de di\u00e1metro y 2.5 mm de largo.<\/p>\n<p>El producto tiene una presentaci\u00f3n en cubetas de: 25Kg en agujas de 0.08mm de di\u00e1metro y 2.5mm de largo con una pureza de 99.99%<\/p>\n","protected":false},"featured_media":4397,"template":"","meta":[],"product_brand":[],"product_cat":[287,120],"product_tag":[],"class_list":{"0":"post-4089","1":"product","2":"type-product","3":"status-publish","4":"has-post-thumbnail","6":"product_cat-metales","7":"product_cat-siderurgia-y-fundicion","9":"first","10":"instock","11":"downloadable","12":"product-type-simple"},"_links":{"self":[{"href":"https:\/\/www.possehl.mx\/en\/wp-json\/wp\/v2\/product\/4089","targetHints":{"allow":["GET"]}}],"collection":[{"href":"https:\/\/www.possehl.mx\/en\/wp-json\/wp\/v2\/product"}],"about":[{"href":"https:\/\/www.possehl.mx\/en\/wp-json\/wp\/v2\/types\/product"}],"wp:featuredmedia":[{"embeddable":true,"href":"https:\/\/www.possehl.mx\/en\/wp-json\/wp\/v2\/media\/4397"}],"wp:attachment":[{"href":"https:\/\/www.possehl.mx\/en\/wp-json\/wp\/v2\/media?parent=4089"}],"wp:term":[{"taxonomy":"product_brand","embeddable":true,"href":"https:\/\/www.possehl.mx\/en\/wp-json\/wp\/v2\/product_brand?post=4089"},{"taxonomy":"product_cat","embeddable":true,"href":"https:\/\/www.possehl.mx\/en\/wp-json\/wp\/v2\/product_cat?post=4089"},{"taxonomy":"product_tag","embeddable":true,"href":"https:\/\/www.possehl.mx\/en\/wp-json\/wp\/v2\/product_tag?post=4089"}],"curies":[{"name":"wp","href":"https:\/\/api.w.org\/{rel}","templated":true}]}}