{"id":4091,"date":"2020-07-30T21:24:09","date_gmt":"2020-07-31T02:24:09","guid":{"rendered":"https:\/\/www.possehl.mx\/product\/sin%20categor\u00eda\/magnesio-metalico\/"},"modified":"2021-04-09T11:58:44","modified_gmt":"2021-04-09T16:58:44","slug":"magnesio-metalico","status":"publish","type":"product","link":"https:\/\/www.possehl.mx\/en\/productos\/steel-and-smelting\/metals-en\/magnesio-metalico\/","title":{"rendered":"MAGNESIO METALICO"},"content":{"rendered":"<div class=\"wpb-content-wrapper\"><p>[vc_row][vc_column][vc_column_text text_larger=&#8221;no&#8221;]Metal aleante que confiere al metal base diversas propiedades requeridas para la aplicaci\u00f3n de piezas finales. Incluye metales puros como Magnesio, Esta\u00f1o, Aluminio, Manganeso, Antimonio, Cromo, N\u00edquel, entre otros, mismos que se presentan en diversas presentaciones como lingotes, conos, c\u00e1todos, granalla, escamas y piedras irregulares.<\/p>\n<p>AN\u00c1LISIS QU\u00cdMICO<\/p>\n<p>Composici\u00f3n Especificaci\u00f3n<br \/>\nMg 99.9 % M\u00edn.<br \/>\nFe 0.03 % M\u00e1x.<br \/>\nSi 0.05 % M\u00e1x.<br \/>\nAl 0.05 % M\u00e1x.<br \/>\nCu 0.02 % M\u00e1x.<br \/>\nNi 0.001 % M\u00e1x.<\/p>\n<p>[\/vc_column_text][\/vc_column][\/vc_row]<\/p>\n<\/div>","protected":false},"excerpt":{"rendered":"<p>Elemento qu\u00edmico de n\u00famero at\u00f3mico 12 con 99.9% de pureza en masa. Se presenta en forma de lingote color plata brillante.<\/p>\n<p>El producto tiene una presentaci\u00f3n en sacos de: 1.000 TM<\/p>\n","protected":false},"featured_media":4397,"template":"","meta":[],"product_brand":[],"product_cat":[287,120],"product_tag":[],"class_list":{"0":"post-4091","1":"product","2":"type-product","3":"status-publish","4":"has-post-thumbnail","6":"product_cat-metales","7":"product_cat-siderurgia-y-fundicion","9":"first","10":"instock","11":"downloadable","12":"product-type-simple"},"_links":{"self":[{"href":"https:\/\/www.possehl.mx\/en\/wp-json\/wp\/v2\/product\/4091","targetHints":{"allow":["GET"]}}],"collection":[{"href":"https:\/\/www.possehl.mx\/en\/wp-json\/wp\/v2\/product"}],"about":[{"href":"https:\/\/www.possehl.mx\/en\/wp-json\/wp\/v2\/types\/product"}],"wp:featuredmedia":[{"embeddable":true,"href":"https:\/\/www.possehl.mx\/en\/wp-json\/wp\/v2\/media\/4397"}],"wp:attachment":[{"href":"https:\/\/www.possehl.mx\/en\/wp-json\/wp\/v2\/media?parent=4091"}],"wp:term":[{"taxonomy":"product_brand","embeddable":true,"href":"https:\/\/www.possehl.mx\/en\/wp-json\/wp\/v2\/product_brand?post=4091"},{"taxonomy":"product_cat","embeddable":true,"href":"https:\/\/www.possehl.mx\/en\/wp-json\/wp\/v2\/product_cat?post=4091"},{"taxonomy":"product_tag","embeddable":true,"href":"https:\/\/www.possehl.mx\/en\/wp-json\/wp\/v2\/product_tag?post=4091"}],"curies":[{"name":"wp","href":"https:\/\/api.w.org\/{rel}","templated":true}]}}