{"id":4092,"date":"2020-07-30T21:24:09","date_gmt":"2020-07-31T02:24:09","guid":{"rendered":"https:\/\/www.possehl.mx\/product\/sin%20categor\u00eda\/manganeso-electrolitico\/"},"modified":"2024-06-14T13:09:40","modified_gmt":"2024-06-14T19:09:40","slug":"manganeso-electrolitico","status":"publish","type":"product","link":"https:\/\/www.possehl.mx\/en\/productos\/steel-and-smelting\/metals-en\/manganeso-electrolitico\/","title":{"rendered":"MANGANESO ELECTROLITICO"},"content":{"rendered":"<div class=\"wpb-content-wrapper\"><p>[vc_row][vc_column][vc_column_text text_larger=&#8221;no&#8221;]Metal aleante que confiere al metal base diversas propiedades requeridas para la aplicaci\u00f3n de piezas finales. Incluye metales puros como Magnesio, Esta\u00f1o, Aluminio, Manganeso, Antimonio, Cromo, N\u00edquel, entre otros, mismos que se presentan en diversas presentaciones como lingotes, conos, c\u00e1todos, granalla, escamas y piedras irregulares.<\/p>\n<p>AN\u00c1LISIS QU\u00cdMICO<\/p>\n<p>Composici\u00f3n Especificaci\u00f3n<\/p>\n<p>Mn 99.500 % M\u00edn.<br \/>\nS 0.030 % M\u00e1x.<br \/>\nH 0.001 % M\u00e1x.[\/vc_column_text][\/vc_column][\/vc_row]<\/p>\n<\/div>","protected":false},"excerpt":{"rendered":"<p>Elemento qu\u00edmico de alta pureza que se presenta como hojuelas planas de color caf\u00e9 brillante de forma irregular.<\/p>\n<p>El producto tiene una presentaci\u00f3n en sacos de: 7Kg, 500GR, 200GR, 1PALLE y 1.000 TM<\/p>\n","protected":false},"featured_media":4397,"template":"","meta":[],"product_brand":[],"product_cat":[287,120],"product_tag":[],"class_list":{"0":"post-4092","1":"product","2":"type-product","3":"status-publish","4":"has-post-thumbnail","6":"product_cat-metales","7":"product_cat-siderurgia-y-fundicion","9":"first","10":"instock","11":"downloadable","12":"product-type-simple"},"_links":{"self":[{"href":"https:\/\/www.possehl.mx\/en\/wp-json\/wp\/v2\/product\/4092","targetHints":{"allow":["GET"]}}],"collection":[{"href":"https:\/\/www.possehl.mx\/en\/wp-json\/wp\/v2\/product"}],"about":[{"href":"https:\/\/www.possehl.mx\/en\/wp-json\/wp\/v2\/types\/product"}],"wp:featuredmedia":[{"embeddable":true,"href":"https:\/\/www.possehl.mx\/en\/wp-json\/wp\/v2\/media\/4397"}],"wp:attachment":[{"href":"https:\/\/www.possehl.mx\/en\/wp-json\/wp\/v2\/media?parent=4092"}],"wp:term":[{"taxonomy":"product_brand","embeddable":true,"href":"https:\/\/www.possehl.mx\/en\/wp-json\/wp\/v2\/product_brand?post=4092"},{"taxonomy":"product_cat","embeddable":true,"href":"https:\/\/www.possehl.mx\/en\/wp-json\/wp\/v2\/product_cat?post=4092"},{"taxonomy":"product_tag","embeddable":true,"href":"https:\/\/www.possehl.mx\/en\/wp-json\/wp\/v2\/product_tag?post=4092"}],"curies":[{"name":"wp","href":"https:\/\/api.w.org\/{rel}","templated":true}]}}