{"id":4105,"date":"2020-07-30T21:24:09","date_gmt":"2020-07-31T02:24:09","guid":{"rendered":"https:\/\/www.possehl.mx\/product\/sin%20categor\u00eda\/carburo-de-calcio\/"},"modified":"2024-01-12T08:49:32","modified_gmt":"2024-01-12T14:49:32","slug":"carburo-de-calcio","status":"publish","type":"product","link":"https:\/\/www.possehl.mx\/en\/productos\/steel-and-smelting\/noble-alloys\/carburo-de-calcio\/","title":{"rendered":"CARBURO DE CALCIO"},"content":{"rendered":"<p>Sin informaci\u00f3n<\/p>\n","protected":false},"excerpt":{"rendered":"<p>Compuesto formado por Carb\u00f3n y Calcio que reacciona de manera exot\u00e9rmica al contacto con el agua. Se presenta en forma de pirdras o gr\u00e1nulos de color gris.<\/p>\n<p>El producto tiene una presentaci\u00f3n en tambos de: 250 kg.<\/p>\n","protected":false},"featured_media":4397,"template":"","meta":[],"product_brand":[],"product_cat":[159,120],"product_tag":[],"class_list":{"0":"post-4105","1":"product","2":"type-product","3":"status-publish","4":"has-post-thumbnail","6":"product_cat-aleaciones-nobles","7":"product_cat-siderurgia-y-fundicion","9":"first","10":"instock","11":"downloadable","12":"product-type-simple"},"_links":{"self":[{"href":"https:\/\/www.possehl.mx\/en\/wp-json\/wp\/v2\/product\/4105","targetHints":{"allow":["GET"]}}],"collection":[{"href":"https:\/\/www.possehl.mx\/en\/wp-json\/wp\/v2\/product"}],"about":[{"href":"https:\/\/www.possehl.mx\/en\/wp-json\/wp\/v2\/types\/product"}],"wp:featuredmedia":[{"embeddable":true,"href":"https:\/\/www.possehl.mx\/en\/wp-json\/wp\/v2\/media\/4397"}],"wp:attachment":[{"href":"https:\/\/www.possehl.mx\/en\/wp-json\/wp\/v2\/media?parent=4105"}],"wp:term":[{"taxonomy":"product_brand","embeddable":true,"href":"https:\/\/www.possehl.mx\/en\/wp-json\/wp\/v2\/product_brand?post=4105"},{"taxonomy":"product_cat","embeddable":true,"href":"https:\/\/www.possehl.mx\/en\/wp-json\/wp\/v2\/product_cat?post=4105"},{"taxonomy":"product_tag","embeddable":true,"href":"https:\/\/www.possehl.mx\/en\/wp-json\/wp\/v2\/product_tag?post=4105"}],"curies":[{"name":"wp","href":"https:\/\/api.w.org\/{rel}","templated":true}]}}