{"id":4116,"date":"2020-07-30T21:24:13","date_gmt":"2020-07-31T02:24:13","guid":{"rendered":"https:\/\/www.possehl.mx\/product\/sin%20categor\u00eda\/arena-de-olivina-45-0-200-%c2%b5m\/"},"modified":"2021-06-07T15:55:59","modified_gmt":"2021-06-07T20:55:59","slug":"arena-de-olivina-45-0-200-um","status":"publish","type":"product","link":"https:\/\/www.possehl.mx\/en\/productos\/steel-and-smelting\/olivine-en\/arena-de-olivina-45-0-200-um\/","title":{"rendered":"ARENA DE OLIVINA 45 0-200 \u00b5m"},"content":{"rendered":"<div class=\"wpb-content-wrapper\"><p>[vc_row][vc_column][vc_column_text text_larger=&#8221;no&#8221;]La Olivina es una arena de ocurrencia natural que es producida a partir de la miner\u00edapara su posterior selecci\u00f3n y trituraci\u00f3n. La Olivina es comunmente utilizada como un agregado refractario por sus propiedades y su alto punto de fusi\u00f3n.<\/p>\n<p>AN\u00c1LISIS QU\u00cdMICO Y MINERAL<\/p>\n<p>Composici\u00f3n Especificaci\u00f3n<\/p>\n<p>MgO 45.0 % M\u00edn.<\/p>\n<p>SiO2 41.0 % M\u00edn.<\/p>\n<p>FeO 9.0 % M\u00e1x.<\/p>\n<p>Al2O3 1.0 % M\u00e1x.<\/p>\n<p>L.O.I. 1.5 % M\u00e1x.[\/vc_column_text][\/vc_column][\/vc_row]<\/p>\n<\/div>","protected":false},"excerpt":{"rendered":"<p>Agregado refractario de alto punto de fusi\u00f3n, expansi\u00f3n t\u00e9rmica baja y uniforme, y que tiene la capacidad de resistir a la fractura por choque t\u00e9rmico.\u00a0 Es un polvo arenoso constituido por \u00f3xidos de magnesio, silicio y fierro.<\/p>\n<p>El producto tiene una presentaci\u00f3n en sacos de: 1.25 TM Big Bag4<\/p>\n","protected":false},"featured_media":4397,"template":"","meta":[],"product_brand":[],"product_cat":[290,120],"product_tag":[],"class_list":{"0":"post-4116","1":"product","2":"type-product","3":"status-publish","4":"has-post-thumbnail","6":"product_cat-olivina","7":"product_cat-siderurgia-y-fundicion","9":"first","10":"instock","11":"downloadable","12":"product-type-simple"},"_links":{"self":[{"href":"https:\/\/www.possehl.mx\/en\/wp-json\/wp\/v2\/product\/4116","targetHints":{"allow":["GET"]}}],"collection":[{"href":"https:\/\/www.possehl.mx\/en\/wp-json\/wp\/v2\/product"}],"about":[{"href":"https:\/\/www.possehl.mx\/en\/wp-json\/wp\/v2\/types\/product"}],"wp:featuredmedia":[{"embeddable":true,"href":"https:\/\/www.possehl.mx\/en\/wp-json\/wp\/v2\/media\/4397"}],"wp:attachment":[{"href":"https:\/\/www.possehl.mx\/en\/wp-json\/wp\/v2\/media?parent=4116"}],"wp:term":[{"taxonomy":"product_brand","embeddable":true,"href":"https:\/\/www.possehl.mx\/en\/wp-json\/wp\/v2\/product_brand?post=4116"},{"taxonomy":"product_cat","embeddable":true,"href":"https:\/\/www.possehl.mx\/en\/wp-json\/wp\/v2\/product_cat?post=4116"},{"taxonomy":"product_tag","embeddable":true,"href":"https:\/\/www.possehl.mx\/en\/wp-json\/wp\/v2\/product_tag?post=4116"}],"curies":[{"name":"wp","href":"https:\/\/api.w.org\/{rel}","templated":true}]}}