{"id":4119,"date":"2020-07-30T21:24:13","date_gmt":"2020-07-31T02:24:13","guid":{"rendered":"https:\/\/www.possehl.mx\/product\/sin%20categor\u00eda\/olivina-ebt\/"},"modified":"2024-03-01T12:35:46","modified_gmt":"2024-03-01T18:35:46","slug":"olivina-ebt","status":"publish","type":"product","link":"https:\/\/www.possehl.mx\/en\/productos\/steel-and-smelting\/olivine-en\/olivina-ebt\/","title":{"rendered":"OLIVINA EBT"},"content":{"rendered":"<div class=\"wpb-content-wrapper\"><p>[vc_row][vc_column][vc_column_text text_larger=&#8221;no&#8221;]Descripci\u00f3n: La Olivina es una arena de ocurrencia natural que es producida a partir de la miner\u00edapara su posterior selecci\u00f3n y trituraci\u00f3n. La Olivina es comunmente utilizada como un agregado refractario por sus propiedades y su alto punto de fusi\u00f3n. AN\u00c1LISIS QU\u00cdMICO Y MINERAL<\/p>\n<p>Composici\u00f3n Especificaci\u00f3n<br \/>\nMgO 44-50 %<br \/>\nSiO2 38-43 %<br \/>\nFeO 10 % M\u00e1x.<br \/>\nOtros \u00f3xidos (Al, Cr, Ni, Mn) 3.0 % M\u00e1x.<br \/>\nL.O.I. 1.5-4.0 %[\/vc_column_text][\/vc_column][\/vc_row]<\/p>\n<\/div>","protected":false},"excerpt":{"rendered":"<p>Agregado refractario de alto punto de fusi\u00f3n, expansi\u00f3n t\u00e9rmica baja y uniforme, y que tiene la capacidad de resistir a la fractura por choque t\u00e9rmico.\u00a0 Es un polvo arenoso constituido por \u00f3xidos de magnesio, silicio y fierro.<\/p>\n<p>El producto tiene una presentaci\u00f3n en sacos de: 1.250 TM, PALLE<\/p>\n","protected":false},"featured_media":4397,"template":"","meta":[],"product_brand":[],"product_cat":[290,120],"product_tag":[],"class_list":{"0":"post-4119","1":"product","2":"type-product","3":"status-publish","4":"has-post-thumbnail","6":"product_cat-olivina","7":"product_cat-siderurgia-y-fundicion","9":"first","10":"instock","11":"downloadable","12":"product-type-simple"},"_links":{"self":[{"href":"https:\/\/www.possehl.mx\/en\/wp-json\/wp\/v2\/product\/4119","targetHints":{"allow":["GET"]}}],"collection":[{"href":"https:\/\/www.possehl.mx\/en\/wp-json\/wp\/v2\/product"}],"about":[{"href":"https:\/\/www.possehl.mx\/en\/wp-json\/wp\/v2\/types\/product"}],"wp:featuredmedia":[{"embeddable":true,"href":"https:\/\/www.possehl.mx\/en\/wp-json\/wp\/v2\/media\/4397"}],"wp:attachment":[{"href":"https:\/\/www.possehl.mx\/en\/wp-json\/wp\/v2\/media?parent=4119"}],"wp:term":[{"taxonomy":"product_brand","embeddable":true,"href":"https:\/\/www.possehl.mx\/en\/wp-json\/wp\/v2\/product_brand?post=4119"},{"taxonomy":"product_cat","embeddable":true,"href":"https:\/\/www.possehl.mx\/en\/wp-json\/wp\/v2\/product_cat?post=4119"},{"taxonomy":"product_tag","embeddable":true,"href":"https:\/\/www.possehl.mx\/en\/wp-json\/wp\/v2\/product_tag?post=4119"}],"curies":[{"name":"wp","href":"https:\/\/api.w.org\/{rel}","templated":true}]}}