{"id":4139,"date":"2020-07-30T22:59:54","date_gmt":"2020-07-31T03:59:54","guid":{"rendered":"https:\/\/www.possehl.mx\/product\/sin%20categor\u00eda\/acido-citrico-anhidro\/"},"modified":"2022-07-11T13:04:56","modified_gmt":"2022-07-11T18:04:56","slug":"acido-citrico-anhidro","status":"publish","type":"product","link":"https:\/\/www.possehl.mx\/en\/productos\/food-and-beverage\/acidulants\/acido-citrico-anhidro\/","title":{"rendered":"\u00c1CIDO C\u00cdTRICO ANHIDRO"},"content":{"rendered":"<div class=\"wpb-content-wrapper\"><p>[vc_row][vc_column][vc_column_text text_larger=&#8221;no&#8221;]<\/p>\n<div class=\"\" dir=\"ltr\">\n<div class=\"x_WordSection1\">\n<div class=\"\"><span class=\"\">Son aditivos alimentarios que ayudan a controlar o regular la acidez o alcalinidad de un alimento, ya sea para fines de conservaci\u00f3n o bien, para la modificaci\u00f3n organol\u00e9ptica o funcional del alimento. Su funci\u00f3n es importante para el procesamiento, sabor y seguridad alimenticia; el control inadecuado del pH puede resultar en el surgimiento de bacterias indeseables en el producto causando riesgos a la salud o, simplemente, el detrimento del alimento.\u00a0\u00a0<\/span><\/div>\n<\/div>\n<\/div>\n<p>Su f\u00f3rmula qu\u00edmica es: C6H807<\/p>\n<p>AN\u00c1LISIS QU\u00cdMICO<br \/>\nComposici\u00f3n \u2013 Especificaci\u00f3n<br \/>\n\u00c1cido C\u00edtrico 99.5-100.5 %<br \/>\nHumedad 1.0 M\u00e1x.<br \/>\nSulfatos 150.0 ppm M\u00e1x.<br \/>\nCenizas sulfatadas 0.1 % M\u00e1x.<br \/>\nOxalato 360.0 ppm M\u00e1x.<br \/>\nSubstancias carbonizables Pasa la prueba BP[\/vc_column_text][\/vc_column][\/vc_row]<\/p>\n<\/div>","protected":false},"excerpt":{"rendered":"<p>\u00c1cido org\u00e1nico que se produce a partir de la fermentaci\u00f3n de sustratos de glucosa y\/o sucrosa. Se presenta como un s\u00f3lido cristalino blanco o incoloro.<\/p>\n<p>El producto tiene una presentaci\u00f3n como un s\u00f3lido cristalino blanco o incoloro, en sacos de: 25 Kg, Pallets de 1 TM.<\/p>\n","protected":false},"featured_media":4397,"template":"","meta":[],"product_brand":[],"product_cat":[163,135,102,89],"product_tag":[],"class_list":{"0":"post-4139","1":"product","2":"type-product","3":"status-publish","4":"has-post-thumbnail","6":"product_cat-acidulantes","7":"product_cat-refractarios","8":"product_cat-quimicos","9":"product_cat-alimentos-y-bebidas","11":"first","12":"instock","13":"downloadable","14":"product-type-simple"},"_links":{"self":[{"href":"https:\/\/www.possehl.mx\/en\/wp-json\/wp\/v2\/product\/4139","targetHints":{"allow":["GET"]}}],"collection":[{"href":"https:\/\/www.possehl.mx\/en\/wp-json\/wp\/v2\/product"}],"about":[{"href":"https:\/\/www.possehl.mx\/en\/wp-json\/wp\/v2\/types\/product"}],"wp:featuredmedia":[{"embeddable":true,"href":"https:\/\/www.possehl.mx\/en\/wp-json\/wp\/v2\/media\/4397"}],"wp:attachment":[{"href":"https:\/\/www.possehl.mx\/en\/wp-json\/wp\/v2\/media?parent=4139"}],"wp:term":[{"taxonomy":"product_brand","embeddable":true,"href":"https:\/\/www.possehl.mx\/en\/wp-json\/wp\/v2\/product_brand?post=4139"},{"taxonomy":"product_cat","embeddable":true,"href":"https:\/\/www.possehl.mx\/en\/wp-json\/wp\/v2\/product_cat?post=4139"},{"taxonomy":"product_tag","embeddable":true,"href":"https:\/\/www.possehl.mx\/en\/wp-json\/wp\/v2\/product_tag?post=4139"}],"curies":[{"name":"wp","href":"https:\/\/api.w.org\/{rel}","templated":true}]}}