{"id":4140,"date":"2020-07-30T22:59:54","date_gmt":"2020-07-31T03:59:54","guid":{"rendered":"https:\/\/www.possehl.mx\/product\/sin%20categor\u00eda\/acido-citrico-monohidratado\/"},"modified":"2022-07-11T12:59:41","modified_gmt":"2022-07-11T17:59:41","slug":"acido-citrico-monohidratado","status":"publish","type":"product","link":"https:\/\/www.possehl.mx\/en\/productos\/food-and-beverage\/acidulants\/acido-citrico-monohidratado\/","title":{"rendered":"\u00c1CIDO C\u00cdTRICO MONOHIDRATADO"},"content":{"rendered":"<div class=\"wpb-content-wrapper\"><p>[vc_row][vc_column][vc_column_text text_larger=&#8221;no&#8221;]Son aditivos alimentarios que ayudan a controlar o regular la acidez o alcalinidad de un alimento, ya sea para fines de conservaci\u00f3n o bien, para la modificaci\u00f3n organol\u00e9ptica o funcional del alimento. Su funci\u00f3n es importante para el procesamiento, sabor y seguridad alimenticia; el control inadecuado del pH puede resultar en el surgimiento de bacterias indeseables en el producto causando riesgos a la salud o, simplemente, el detrimento del alimento.<\/p>\n<p>AN\u00c1LISIS QU\u00cdMICO<br \/>\nComposici\u00f3n \u2013 Especificaci\u00f3n<br \/>\nEnsayo 99.5-100.5 %<br \/>\nIdentificaci\u00f3n Pasa la prueba<br \/>\nClaridad de la soln. Pasa la prueba<br \/>\nAgua 7.5-9 %<br \/>\nSulfatos 150 ppm M\u00e1x.<br \/>\nCenizas sulfatadas 0.1 % M\u00e1x.<br \/>\nOxalato 360 ppm M\u00e1x.<br \/>\nSubstancias carbonizables Pasa la prueba[\/vc_column_text][\/vc_column][\/vc_row]<\/p>\n<\/div>","protected":false},"excerpt":{"rendered":"<p>\u00c1cido org\u00e1nico que se produce a partir de la fermentaci\u00f3n de sustratos de glucosa y\/o sucrosa. Se presenta como un s\u00f3lido cristalino blanco o incoloro.<\/p>\n<p>El producto tiene una presentaci\u00f3n como un s\u00f3lido cristalino blanco o incoloro, en sacos de: 25 Kg, Pallets de 1 TM.<\/p>\n","protected":false},"featured_media":4397,"template":"","meta":[],"product_brand":[],"product_cat":[163,135,102,89],"product_tag":[],"class_list":{"0":"post-4140","1":"product","2":"type-product","3":"status-publish","4":"has-post-thumbnail","6":"product_cat-acidulantes","7":"product_cat-refractarios","8":"product_cat-quimicos","9":"product_cat-alimentos-y-bebidas","11":"first","12":"instock","13":"downloadable","14":"product-type-simple"},"_links":{"self":[{"href":"https:\/\/www.possehl.mx\/en\/wp-json\/wp\/v2\/product\/4140","targetHints":{"allow":["GET"]}}],"collection":[{"href":"https:\/\/www.possehl.mx\/en\/wp-json\/wp\/v2\/product"}],"about":[{"href":"https:\/\/www.possehl.mx\/en\/wp-json\/wp\/v2\/types\/product"}],"wp:featuredmedia":[{"embeddable":true,"href":"https:\/\/www.possehl.mx\/en\/wp-json\/wp\/v2\/media\/4397"}],"wp:attachment":[{"href":"https:\/\/www.possehl.mx\/en\/wp-json\/wp\/v2\/media?parent=4140"}],"wp:term":[{"taxonomy":"product_brand","embeddable":true,"href":"https:\/\/www.possehl.mx\/en\/wp-json\/wp\/v2\/product_brand?post=4140"},{"taxonomy":"product_cat","embeddable":true,"href":"https:\/\/www.possehl.mx\/en\/wp-json\/wp\/v2\/product_cat?post=4140"},{"taxonomy":"product_tag","embeddable":true,"href":"https:\/\/www.possehl.mx\/en\/wp-json\/wp\/v2\/product_tag?post=4140"}],"curies":[{"name":"wp","href":"https:\/\/api.w.org\/{rel}","templated":true}]}}