{"id":4141,"date":"2020-07-30T22:59:54","date_gmt":"2020-07-31T03:59:54","guid":{"rendered":"https:\/\/www.possehl.mx\/product\/sin%20categor\u00eda\/acido-fumarico-grado-alimento\/"},"modified":"2023-07-13T14:35:08","modified_gmt":"2023-07-13T19:35:08","slug":"acido-fumarico-grado-alimento","status":"publish","type":"product","link":"https:\/\/www.possehl.mx\/en\/productos\/food-and-beverage\/acidulants\/acido-fumarico-grado-alimento\/","title":{"rendered":"\u00c1CIDO FUM\u00c1RICO GRADO ALIMENTO"},"content":{"rendered":"<div class=\"wpb-content-wrapper\"><p>[vc_row][vc_column][vc_column_text text_larger=&#8221;no&#8221;]Es un aditivo alimentario que controla la acidez o alcalinidad de un alimento, ya sea para fines de conservaci\u00f3n, o bien para la modificaci\u00f3n organol\u00e9ptica o funcional del alimento. Su funci\u00f3n es importante para el procesamiento, sabor y seguridad alimenticia, ya que el control inadecuado del pH puede resultar en el surgimiento de bacterias indeseables en el producto que podr\u00eda ser un peligro potencial a la salud o, simplemente, el detrimento del alimento.<\/p>\n<p>Su f\u00f3rmula qu\u00edmica es: C4H4O4[\/vc_column_text][\/vc_column][\/vc_row]<\/p>\n<\/div>","protected":false},"excerpt":{"rendered":"<p>\u00c1cido trans-butenodi\u00f3ico, \u00e1cido trans-1,2-etilen-dicarbox\u00edlico. Se presenta como un polvo blanco cristalino inodoro de sabor agrio.<\/p>\n<p>El producto tiene una presentaci\u00f3n como un polvo blanco cristalino inodoro de sabor agrio, en sacos de: 25 Kg<\/p>\n","protected":false},"featured_media":4397,"template":"","meta":[],"product_brand":[],"product_cat":[163,135,102,89],"product_tag":[],"class_list":{"0":"post-4141","1":"product","2":"type-product","3":"status-publish","4":"has-post-thumbnail","6":"product_cat-acidulantes","7":"product_cat-refractarios","8":"product_cat-quimicos","9":"product_cat-alimentos-y-bebidas","11":"first","12":"instock","13":"downloadable","14":"product-type-simple"},"_links":{"self":[{"href":"https:\/\/www.possehl.mx\/en\/wp-json\/wp\/v2\/product\/4141","targetHints":{"allow":["GET"]}}],"collection":[{"href":"https:\/\/www.possehl.mx\/en\/wp-json\/wp\/v2\/product"}],"about":[{"href":"https:\/\/www.possehl.mx\/en\/wp-json\/wp\/v2\/types\/product"}],"wp:featuredmedia":[{"embeddable":true,"href":"https:\/\/www.possehl.mx\/en\/wp-json\/wp\/v2\/media\/4397"}],"wp:attachment":[{"href":"https:\/\/www.possehl.mx\/en\/wp-json\/wp\/v2\/media?parent=4141"}],"wp:term":[{"taxonomy":"product_brand","embeddable":true,"href":"https:\/\/www.possehl.mx\/en\/wp-json\/wp\/v2\/product_brand?post=4141"},{"taxonomy":"product_cat","embeddable":true,"href":"https:\/\/www.possehl.mx\/en\/wp-json\/wp\/v2\/product_cat?post=4141"},{"taxonomy":"product_tag","embeddable":true,"href":"https:\/\/www.possehl.mx\/en\/wp-json\/wp\/v2\/product_tag?post=4141"}],"curies":[{"name":"wp","href":"https:\/\/api.w.org\/{rel}","templated":true}]}}