{"id":4143,"date":"2020-07-30T22:59:54","date_gmt":"2020-07-31T03:59:54","guid":{"rendered":"https:\/\/www.possehl.mx\/product\/sin%20categor\u00eda\/citrato-de-potasio-20-100-mallas\/"},"modified":"2022-07-11T13:46:52","modified_gmt":"2022-07-11T18:46:52","slug":"citrato-de-potasio-20-100-mallas","status":"publish","type":"product","link":"https:\/\/www.possehl.mx\/en\/productos\/food-and-beverage\/acidulants\/citrato-de-potasio-20-100-mallas\/","title":{"rendered":"CITRATO DE POTASIO 20-100 MALLAS"},"content":{"rendered":"<div class=\"wpb-content-wrapper\"><p>[vc_row][vc_column][vc_column_text text_larger=&#8221;no&#8221;]Citrato de potasio perteneciente a familia de los acidulantes, son reguladores de acidez, se consideran como aditivos alimentarios que controlan la acidez o alcalinidad de un alimento por su adici\u00f3n, ya sea para fines de conservaci\u00f3n o bien, para su modificaci\u00f3n organol\u00e9ptica o funcional del alimento. Su funci\u00f3n es importante para el procesamiento, sabor y seguridad alimenticia; el control inadecuado del pH puede resultar en surgimiento de bacterias indeseables en el producto causando riesgos a la salud o simplemente el detrimento del alimento.<\/p>\n<p>AN\u00c1LISIS QU\u00cdMICO<br \/>\nComposici\u00f3n &#8211; Especificaci\u00f3n<br \/>\nCitrato de potasio 99.0-101.0 %<br \/>\nAgua 4.0-7.0 %<br \/>\n\u00c1c. Ox\u00e1lico 300 ppm M\u00e1x.<br \/>\nCloruro 50 ppm M\u00e1x.<br \/>\nSulfato 150 ppm M\u00e1x.<br \/>\nSodio 0.3 % M\u00e1x.<br \/>\nAlcalinidad Pasar la prueba BP<br \/>\nSubstancias carbonizables Pasar la prueba BP[\/vc_column_text][\/vc_column][\/vc_row]<\/p>\n<\/div>","protected":false},"excerpt":{"rendered":"<p>Citrato de tripotasio monohidratado. Polvo granular de cristales blancos o transparentes, inodoros y delicuescentes.<\/p>\n<p>El producto tiene una presentaci\u00f3n en polvo granular de cristales blancos o transparentes, inodoros y delicuescentes, en sacos de: 25 Kg y 1 TM<\/p>\n","protected":false},"featured_media":4397,"template":"","meta":[],"product_brand":[],"product_cat":[163,135,102,89],"product_tag":[],"class_list":{"0":"post-4143","1":"product","2":"type-product","3":"status-publish","4":"has-post-thumbnail","6":"product_cat-acidulantes","7":"product_cat-refractarios","8":"product_cat-quimicos","9":"product_cat-alimentos-y-bebidas","11":"first","12":"instock","13":"downloadable","14":"product-type-simple"},"_links":{"self":[{"href":"https:\/\/www.possehl.mx\/en\/wp-json\/wp\/v2\/product\/4143","targetHints":{"allow":["GET"]}}],"collection":[{"href":"https:\/\/www.possehl.mx\/en\/wp-json\/wp\/v2\/product"}],"about":[{"href":"https:\/\/www.possehl.mx\/en\/wp-json\/wp\/v2\/types\/product"}],"wp:featuredmedia":[{"embeddable":true,"href":"https:\/\/www.possehl.mx\/en\/wp-json\/wp\/v2\/media\/4397"}],"wp:attachment":[{"href":"https:\/\/www.possehl.mx\/en\/wp-json\/wp\/v2\/media?parent=4143"}],"wp:term":[{"taxonomy":"product_brand","embeddable":true,"href":"https:\/\/www.possehl.mx\/en\/wp-json\/wp\/v2\/product_brand?post=4143"},{"taxonomy":"product_cat","embeddable":true,"href":"https:\/\/www.possehl.mx\/en\/wp-json\/wp\/v2\/product_cat?post=4143"},{"taxonomy":"product_tag","embeddable":true,"href":"https:\/\/www.possehl.mx\/en\/wp-json\/wp\/v2\/product_tag?post=4143"}],"curies":[{"name":"wp","href":"https:\/\/api.w.org\/{rel}","templated":true}]}}