{"id":4144,"date":"2020-07-30T22:59:54","date_gmt":"2020-07-31T03:59:54","guid":{"rendered":"https:\/\/www.possehl.mx\/product\/sin%20categor\u00eda\/citrato-de-sodio\/"},"modified":"2022-07-11T13:50:07","modified_gmt":"2022-07-11T18:50:07","slug":"citrato-de-sodio","status":"publish","type":"product","link":"https:\/\/www.possehl.mx\/en\/productos\/food-and-beverage\/acidulants\/citrato-de-sodio\/","title":{"rendered":"CITRATO DE SODIO"},"content":{"rendered":"<div class=\"wpb-content-wrapper\"><p>[vc_row][vc_column][vc_column_text text_larger=&#8221;no&#8221;]Citrato de sodio es un regulador de acidez, se considera como aditivo alimentarios que controla la acidez o alcalinidad de un alimento por su adici\u00f3n, ya sea para fines de conservaci\u00f3n o bien, para su modificaci\u00f3n organol\u00e9ptica o funcional del alimento. Su funci\u00f3n es importante para el procesamiento, sabor y seguridad alimenticia; el control inadecuado del pH puede resultar en surgimiento de bacterias indeseables en el producto causando riesgos a la salud o simplemente el detrimento del alimento.<\/p>\n<p>AN\u00c1LISIS QU\u00cdMICO<br \/>\nComposici\u00f3n &#8211; Especificaci\u00f3n<br \/>\nCitrato de sodio 99.0-100.5 %<br \/>\nAgua 10.0-13.0 %<br \/>\nAlcalinidad Pasar la prueba USP<br \/>\nOxalato Pasar la prueba USP<br \/>\nTartrato Pasar la prueba USP[\/vc_column_text][\/vc_column][\/vc_row]<\/p>\n<\/div>","protected":false},"excerpt":{"rendered":"<p>Sal de sodio del \u00e1cido c\u00edtrico. Se presenta como un polvo cristalino blanco e inodoro.<\/p>\n<p>El producto tiene una presentaci\u00f3n en polvo cristalino blanco e inodoro, en sacos de: 25 Kg y 1 TM<\/p>\n","protected":false},"featured_media":4397,"template":"","meta":[],"product_brand":[],"product_cat":[163,135,102,89],"product_tag":[],"class_list":{"0":"post-4144","1":"product","2":"type-product","3":"status-publish","4":"has-post-thumbnail","6":"product_cat-acidulantes","7":"product_cat-refractarios","8":"product_cat-quimicos","9":"product_cat-alimentos-y-bebidas","11":"first","12":"instock","13":"downloadable","14":"product-type-simple"},"_links":{"self":[{"href":"https:\/\/www.possehl.mx\/en\/wp-json\/wp\/v2\/product\/4144","targetHints":{"allow":["GET"]}}],"collection":[{"href":"https:\/\/www.possehl.mx\/en\/wp-json\/wp\/v2\/product"}],"about":[{"href":"https:\/\/www.possehl.mx\/en\/wp-json\/wp\/v2\/types\/product"}],"wp:featuredmedia":[{"embeddable":true,"href":"https:\/\/www.possehl.mx\/en\/wp-json\/wp\/v2\/media\/4397"}],"wp:attachment":[{"href":"https:\/\/www.possehl.mx\/en\/wp-json\/wp\/v2\/media?parent=4144"}],"wp:term":[{"taxonomy":"product_brand","embeddable":true,"href":"https:\/\/www.possehl.mx\/en\/wp-json\/wp\/v2\/product_brand?post=4144"},{"taxonomy":"product_cat","embeddable":true,"href":"https:\/\/www.possehl.mx\/en\/wp-json\/wp\/v2\/product_cat?post=4144"},{"taxonomy":"product_tag","embeddable":true,"href":"https:\/\/www.possehl.mx\/en\/wp-json\/wp\/v2\/product_tag?post=4144"}],"curies":[{"name":"wp","href":"https:\/\/api.w.org\/{rel}","templated":true}]}}