{"id":4147,"date":"2020-07-30T22:59:54","date_gmt":"2020-07-31T03:59:54","guid":{"rendered":"https:\/\/www.possehl.mx\/product\/sin%20categor\u00eda\/acido-sorbico-nt\/"},"modified":"2022-07-11T22:57:23","modified_gmt":"2022-07-12T03:57:23","slug":"acido-sorbico-nt","status":"publish","type":"product","link":"https:\/\/www.possehl.mx\/en\/productos\/food-and-beverage\/preservatives\/acido-sorbico-nt\/","title":{"rendered":"ACIDO SORBICO NT"},"content":{"rendered":"<div class=\"wpb-content-wrapper\"><p>[vc_row][vc_column][vc_column_text text_larger=&#8221;no&#8221;]El \u00e1cido s\u00f3rbico nt es un conservador alimentario que prolonga la vida en almac\u00e9n de los alimentos protegi\u00e9ndolos del deterioro ocasionado por microorganismos.<\/p>\n<p>Su f\u00f3rmula qu\u00edmica es: C6H8O<\/p>\n<p>AN\u00c1LISIS QU\u00cdMICO<br \/>\nComposici\u00f3n &#8211; Especificaci\u00f3n<br \/>\nIdentificaci\u00f3n Pasa la prueba.<br \/>\nEstabilidad t\u00e9rmica Pasar la prueba.<br \/>\nEnsayo 99 % &#8211; 101 %<br \/>\nHumedad 0.5 % M\u00e1x.<br \/>\nResiduo a la ignici\u00f3n 0.2 % M\u00e1x.<br \/>\nAldeh\u00eddos 0.1 % M\u00e1x.<br \/>\nSulfatos 0.02 % M\u00e1x.<br \/>\nCloruros 0.014 % M\u00e1x.<br \/>\nAs 2 mg\/kg M\u00e1x.<br \/>\nPb 2 mg\/kg M\u00e1x.<br \/>\nHg 1 mg\/kg M\u00e1x.<br \/>\nMetales pesados (como Pb) 10 mg\/kg M\u00e1x.<br \/>\nCuenta total 100 U.F.C.\/g M\u00e1x.<br \/>\nHongos y levaduras 100 U.F.C.\/g M\u00e1x.<br \/>\nColiformes 30 U.F.C.\/g M\u00e1x.[\/vc_column_text][\/vc_column][\/vc_row]<\/p>\n<\/div>","protected":false},"excerpt":{"rendered":"<p>\u00c1cido org\u00e1nico cuya denominaci\u00f3n estricta corresponde a la del \u00e1cido (2E,4E)-hexa-2,4-dienoico y f\u00f3rmula condensada C6H8O2. Se presenta como un s\u00f3lido cristalino blanco o incoloro de olor caracter\u00edstico. Cumple los requerimientos E200\/FCC\/NF32.<\/p>\n<p>El producto tiene una presentaci\u00f3n como un s\u00f3lido cristalino blanco o incoloro de olor caracter\u00edstico, en cajas de: 25 Kg y PALLET<\/p>\n","protected":false},"featured_media":4397,"template":"","meta":[],"product_brand":[],"product_cat":[89,121],"product_tag":[],"class_list":{"0":"post-4147","1":"product","2":"type-product","3":"status-publish","4":"has-post-thumbnail","6":"product_cat-alimentos-y-bebidas","7":"product_cat-conservadores","9":"first","10":"instock","11":"downloadable","12":"product-type-simple"},"_links":{"self":[{"href":"https:\/\/www.possehl.mx\/en\/wp-json\/wp\/v2\/product\/4147","targetHints":{"allow":["GET"]}}],"collection":[{"href":"https:\/\/www.possehl.mx\/en\/wp-json\/wp\/v2\/product"}],"about":[{"href":"https:\/\/www.possehl.mx\/en\/wp-json\/wp\/v2\/types\/product"}],"wp:featuredmedia":[{"embeddable":true,"href":"https:\/\/www.possehl.mx\/en\/wp-json\/wp\/v2\/media\/4397"}],"wp:attachment":[{"href":"https:\/\/www.possehl.mx\/en\/wp-json\/wp\/v2\/media?parent=4147"}],"wp:term":[{"taxonomy":"product_brand","embeddable":true,"href":"https:\/\/www.possehl.mx\/en\/wp-json\/wp\/v2\/product_brand?post=4147"},{"taxonomy":"product_cat","embeddable":true,"href":"https:\/\/www.possehl.mx\/en\/wp-json\/wp\/v2\/product_cat?post=4147"},{"taxonomy":"product_tag","embeddable":true,"href":"https:\/\/www.possehl.mx\/en\/wp-json\/wp\/v2\/product_tag?post=4147"}],"curies":[{"name":"wp","href":"https:\/\/api.w.org\/{rel}","templated":true}]}}