{"id":4149,"date":"2020-07-30T22:59:54","date_gmt":"2020-07-31T03:59:54","guid":{"rendered":"https:\/\/www.possehl.mx\/product\/sin%20categor\u00eda\/sorbato-de-potasio\/"},"modified":"2022-07-11T22:59:25","modified_gmt":"2022-07-12T03:59:25","slug":"sorbato-de-potasio","status":"publish","type":"product","link":"https:\/\/www.possehl.mx\/en\/productos\/food-and-beverage\/preservatives\/sorbato-de-potasio\/","title":{"rendered":"SORBATO DE POTASIO"},"content":{"rendered":"<div class=\"wpb-content-wrapper\"><p>[vc_row][vc_column][vc_column_text text_larger=&#8221;no&#8221;]El sorbato de potasio es un conservador alimentario que prolongan la vida en almac\u00e9n de los alimentos protegi\u00e9ndolos del deterioro ocasionado por microorganismos.<\/p>\n<p>Su f\u00f3rmula qu\u00edmica es: C6H7O<\/p>\n<p>AN\u00c1LISIS QU\u00cdMICO<br \/>\nComposici\u00f3n &#8211; Especificaci\u00f3n<br \/>\nIdentificaci\u00f3n Pasar la prueba<br \/>\nPrueba de insaturaci\u00f3n (doble enlace) Pasar la prueba<br \/>\nPureza 99.5-101.0 %<br \/>\nPerdida al secado 0.8 % M\u00e1x.<br \/>\nPb 2 mg\/kg M\u00e1x.<br \/>\nAcidez o alcalinidad 0.8 ml HCl 0.1 N M\u00e1x.<br \/>\nAldeh\u00eddos (como formaldeh\u00eddo) 0.1 % M\u00e1x.<br \/>\nPunto de fusi\u00f3n 121-123 \u00b0C[\/vc_column_text][\/vc_column][\/vc_row]<\/p>\n<\/div>","protected":false},"excerpt":{"rendered":"<p>Sal de potasio del \u00e1cido trans-2,4-hexanodi\u00f3ico, se presenta como un polvo blanco cristalino con un tenue olor caracter\u00edstico.<\/p>\n<p>El producto tiene una presentaci\u00f3n blanco cristalino con un tenue olor caracter\u00edstico, en cajas de: 25 Kg y PALLET<\/p>\n","protected":false},"featured_media":3796,"template":"","meta":[],"product_brand":[],"product_cat":[89,121],"product_tag":[],"class_list":{"0":"post-4149","1":"product","2":"type-product","3":"status-publish","4":"has-post-thumbnail","6":"product_cat-alimentos-y-bebidas","7":"product_cat-conservadores","9":"first","10":"instock","11":"downloadable","12":"product-type-simple"},"_links":{"self":[{"href":"https:\/\/www.possehl.mx\/en\/wp-json\/wp\/v2\/product\/4149","targetHints":{"allow":["GET"]}}],"collection":[{"href":"https:\/\/www.possehl.mx\/en\/wp-json\/wp\/v2\/product"}],"about":[{"href":"https:\/\/www.possehl.mx\/en\/wp-json\/wp\/v2\/types\/product"}],"wp:featuredmedia":[{"embeddable":true,"href":"https:\/\/www.possehl.mx\/en\/wp-json\/wp\/v2\/media\/3796"}],"wp:attachment":[{"href":"https:\/\/www.possehl.mx\/en\/wp-json\/wp\/v2\/media?parent=4149"}],"wp:term":[{"taxonomy":"product_brand","embeddable":true,"href":"https:\/\/www.possehl.mx\/en\/wp-json\/wp\/v2\/product_brand?post=4149"},{"taxonomy":"product_cat","embeddable":true,"href":"https:\/\/www.possehl.mx\/en\/wp-json\/wp\/v2\/product_cat?post=4149"},{"taxonomy":"product_tag","embeddable":true,"href":"https:\/\/www.possehl.mx\/en\/wp-json\/wp\/v2\/product_tag?post=4149"}],"curies":[{"name":"wp","href":"https:\/\/api.w.org\/{rel}","templated":true}]}}