{"id":4150,"date":"2020-07-30T22:59:54","date_gmt":"2020-07-31T03:59:54","guid":{"rendered":"https:\/\/www.possehl.mx\/product\/sin%20categor\u00eda\/glutamato-monosodico\/"},"modified":"2022-08-11T21:51:39","modified_gmt":"2022-08-12T02:51:39","slug":"glutamato-monosodico","status":"publish","type":"product","link":"https:\/\/www.possehl.mx\/en\/productos\/food-and-beverage\/flavor-enhancers\/glutamato-monosodico\/","title":{"rendered":"GLUTAMATO MONOS\u00d3DICO"},"content":{"rendered":"<div class=\"wpb-content-wrapper\"><p>[vc_row][vc_column][vc_column_text text_larger=&#8221;no&#8221;]El glutamato monosodico es un acentuador o potenciador de sabor que acent\u00faa, acrecienta o potencia el sabor o perfume de un alimento.<\/p>\n<p>AN\u00c1LISIS QU\u00cdMICO<br \/>\nComposici\u00f3n &#8211; Especificaci\u00f3n<br \/>\nEnsayo 99.0 % M\u00edn.<br \/>\nTransmitancia 98.0 % M\u00edn.<br \/>\nRotaci\u00f3n espec\u00edfica [\u03b1]D20 +24.9\u00b0 a +25.3\u00b0<br \/>\nP\u00e9rdida al secado % 0.5 % M\u00e1x.<br \/>\nCloruro 0.1 % M\u00e1x.<br \/>\npH 6.7-7.5<br \/>\nSulfato 0.05 % M\u00e1x.<br \/>\nTrazas Especificaci\u00f3n<br \/>\nPb 1 ppm M\u00e1x.<br \/>\nAs 0.05 ppm M\u00e1x.<br \/>\nZn 5 ppm M\u00e1x.<br \/>\nFe 5 ppm M\u00e1x.[\/vc_column_text][\/vc_column][\/vc_row]<\/p>\n<\/div>","protected":false},"excerpt":{"rendered":"<p>Sal de sodio del \u00e1cido glut\u00e1mico, inodora y de sabor caracter\u00edstico, en forma de polvo cristalino.<\/p>\n<p>El producto tiene una presentaci\u00f3n como polvo cristalino, en sacos de: 25 Kg.<\/p>\n","protected":false},"featured_media":4397,"template":"","meta":[],"product_brand":[],"product_cat":[164,89],"product_tag":[],"class_list":{"0":"post-4150","1":"product","2":"type-product","3":"status-publish","4":"has-post-thumbnail","6":"product_cat-potenciadores-de-sabor","7":"product_cat-alimentos-y-bebidas","9":"first","10":"instock","11":"downloadable","12":"product-type-simple"},"_links":{"self":[{"href":"https:\/\/www.possehl.mx\/en\/wp-json\/wp\/v2\/product\/4150","targetHints":{"allow":["GET"]}}],"collection":[{"href":"https:\/\/www.possehl.mx\/en\/wp-json\/wp\/v2\/product"}],"about":[{"href":"https:\/\/www.possehl.mx\/en\/wp-json\/wp\/v2\/types\/product"}],"wp:featuredmedia":[{"embeddable":true,"href":"https:\/\/www.possehl.mx\/en\/wp-json\/wp\/v2\/media\/4397"}],"wp:attachment":[{"href":"https:\/\/www.possehl.mx\/en\/wp-json\/wp\/v2\/media?parent=4150"}],"wp:term":[{"taxonomy":"product_brand","embeddable":true,"href":"https:\/\/www.possehl.mx\/en\/wp-json\/wp\/v2\/product_brand?post=4150"},{"taxonomy":"product_cat","embeddable":true,"href":"https:\/\/www.possehl.mx\/en\/wp-json\/wp\/v2\/product_cat?post=4150"},{"taxonomy":"product_tag","embeddable":true,"href":"https:\/\/www.possehl.mx\/en\/wp-json\/wp\/v2\/product_tag?post=4150"}],"curies":[{"name":"wp","href":"https:\/\/api.w.org\/{rel}","templated":true}]}}