{"id":6101,"date":"2020-08-13T14:27:42","date_gmt":"2020-08-13T19:27:42","guid":{"rendered":"https:\/\/www.possehl.mx\/?post_type=product&#038;p=6101"},"modified":"2021-03-25T14:07:34","modified_gmt":"2021-03-25T20:07:34","slug":"paf","status":"publish","type":"product","link":"https:\/\/www.possehl.mx\/en\/productos\/steel-and-smelting\/paf-en\/paf\/","title":{"rendered":"PAF"},"content":{"rendered":"<div class=\"wpb-content-wrapper\"><p>[vc_row][vc_column][vc_column_text text_larger=&#8221;no&#8221;]<\/p>\n<div class=\"\" dir=\"ltr\">\n<div class=\"x_WordSection1\">\n<p><span class=\"\">El PAF, tambi\u00e9n conocido como fluoroaluminato pot\u00e1sico, es una sal inorg\u00e1nica resultante como sub-producto de la fabricaci\u00f3n de algunas aleaciones madre de aluminio. Se utiliza como sustituto de bajo costo de las sales fluoradas, as\u00ed como tambi\u00e9n en las fundiciones de aluminio para eliminar el contenido de magnesio en el metal y llevarlo a los niveles deseados. Su apariencia es como un polvo blanco disponible en una amplia variedad de tama\u00f1os de part\u00edcula.\u00a0<\/span><\/p>\n<\/div>\n<\/div>\n<p>[\/vc_column_text][\/vc_column][\/vc_row]<\/p>\n<\/div>","protected":false},"excerpt":{"rendered":"<div class=\"\" dir=\"ltr\">\n<div class=\"x_WordSection1\">\n<div class=\"\"><span class=\"\">Es una sal inorg\u00e1nica de bajo costo utilizada para reducir el contenido de Magnesio en las fundiciones de Aluminio. <\/span><\/div>\n<div><\/div>\n<div class=\"\"><span class=\"\">Disponible en varios tama\u00f1os como 0-1 mm, 5-20 mm y 20-50 mm.\u00a0<\/span><\/div>\n<\/div>\n<\/div>\n","protected":false},"featured_media":4397,"template":"","meta":[],"product_brand":[],"product_cat":[199,120],"product_tag":[],"class_list":{"0":"post-6101","1":"product","2":"type-product","3":"status-publish","4":"has-post-thumbnail","6":"product_cat-paf-2","7":"product_cat-siderurgia-y-fundicion","9":"first","10":"instock","11":"downloadable","12":"shipping-taxable","13":"product-type-simple"},"_links":{"self":[{"href":"https:\/\/www.possehl.mx\/en\/wp-json\/wp\/v2\/product\/6101","targetHints":{"allow":["GET"]}}],"collection":[{"href":"https:\/\/www.possehl.mx\/en\/wp-json\/wp\/v2\/product"}],"about":[{"href":"https:\/\/www.possehl.mx\/en\/wp-json\/wp\/v2\/types\/product"}],"wp:featuredmedia":[{"embeddable":true,"href":"https:\/\/www.possehl.mx\/en\/wp-json\/wp\/v2\/media\/4397"}],"wp:attachment":[{"href":"https:\/\/www.possehl.mx\/en\/wp-json\/wp\/v2\/media?parent=6101"}],"wp:term":[{"taxonomy":"product_brand","embeddable":true,"href":"https:\/\/www.possehl.mx\/en\/wp-json\/wp\/v2\/product_brand?post=6101"},{"taxonomy":"product_cat","embeddable":true,"href":"https:\/\/www.possehl.mx\/en\/wp-json\/wp\/v2\/product_cat?post=6101"},{"taxonomy":"product_tag","embeddable":true,"href":"https:\/\/www.possehl.mx\/en\/wp-json\/wp\/v2\/product_tag?post=6101"}],"curies":[{"name":"wp","href":"https:\/\/api.w.org\/{rel}","templated":true}]}}