{"id":9216,"date":"2021-01-11T13:15:26","date_gmt":"2021-01-11T19:15:26","guid":{"rendered":"https:\/\/www.possehl.mx\/?post_type=product&#038;p=9216"},"modified":"2022-07-11T17:39:04","modified_gmt":"2022-07-11T22:39:04","slug":"acido-ascorbico","status":"publish","type":"product","link":"https:\/\/www.possehl.mx\/en\/productos\/food-and-beverage\/antioxidants\/acido-ascorbico\/","title":{"rendered":"\u00c1CIDO ASC\u00d3RBICO"},"content":{"rendered":"<div class=\"wpb-content-wrapper\"><p>[vc_row][vc_column][vc_column_text text_larger=&#8221;no&#8221;]<span class=\"\">\u00c1cido\u00a0<\/span><span class=\"\">org\u00e1nico cuya denominaci\u00f3n estricta corresponde a la del \u00e1cido L-asc\u00f3rbico, \u00e1cido 5-((s)-1,2-dihidroxietil)-3-4-, dihidroxifuran-2(5H)-ona y f\u00f3rmula condensada C6H8O6. Se presenta como un s\u00f3lido cristalino blanco o incoloro de olor caracter\u00edstico y gusto \u00e1cido. La especificaci\u00f3n se establece con referencia a todos los requisitos de la Farmacopea europea (EP), la Farmacopea brit\u00e1nica (BP), la Farmacopea de los Estados Unidos (USP), el Codex de productos qu\u00edmicos alimentarios (FCC) y E300.<\/span>[\/vc_column_text][\/vc_column][\/vc_row]<\/p>\n<\/div>","protected":false},"excerpt":{"rendered":"<p><span class=\"\">\u00c1cido org\u00e1nico corresponde al \u00e1cido L-asc\u00f3rbico, \u00e1cido 5-((s)-1,2-dihidroxietil)-3-4-, dihidroxifuran-2(5H)-ona. Su f\u00f3rmula es C6H8O6, se presenta como un<\/span><span class=\"\">\u00a0s\u00f3lido cristalino blanco o incoloro de olor caracter\u00edstico y gusto \u00e1cido.<\/span><\/p>\n<p>El producto tiene una presentaci\u00f3n en sacos de: Caja de 25 kg + Pallet<\/p>\n","protected":false},"featured_media":4397,"template":"","meta":[],"product_brand":[],"product_cat":[191,89],"product_tag":[],"class_list":{"0":"post-9216","1":"product","2":"type-product","3":"status-publish","4":"has-post-thumbnail","6":"product_cat-antioxidantes","7":"product_cat-alimentos-y-bebidas","9":"first","10":"instock","11":"downloadable","12":"product-type-simple"},"_links":{"self":[{"href":"https:\/\/www.possehl.mx\/en\/wp-json\/wp\/v2\/product\/9216","targetHints":{"allow":["GET"]}}],"collection":[{"href":"https:\/\/www.possehl.mx\/en\/wp-json\/wp\/v2\/product"}],"about":[{"href":"https:\/\/www.possehl.mx\/en\/wp-json\/wp\/v2\/types\/product"}],"wp:featuredmedia":[{"embeddable":true,"href":"https:\/\/www.possehl.mx\/en\/wp-json\/wp\/v2\/media\/4397"}],"wp:attachment":[{"href":"https:\/\/www.possehl.mx\/en\/wp-json\/wp\/v2\/media?parent=9216"}],"wp:term":[{"taxonomy":"product_brand","embeddable":true,"href":"https:\/\/www.possehl.mx\/en\/wp-json\/wp\/v2\/product_brand?post=9216"},{"taxonomy":"product_cat","embeddable":true,"href":"https:\/\/www.possehl.mx\/en\/wp-json\/wp\/v2\/product_cat?post=9216"},{"taxonomy":"product_tag","embeddable":true,"href":"https:\/\/www.possehl.mx\/en\/wp-json\/wp\/v2\/product_tag?post=9216"}],"curies":[{"name":"wp","href":"https:\/\/api.w.org\/{rel}","templated":true}]}}