{"id":9906,"date":"2021-02-23T14:12:05","date_gmt":"2021-02-23T20:12:05","guid":{"rendered":"https:\/\/www.possehl.mx\/?post_type=product&#038;p=9906"},"modified":"2021-08-23T18:13:13","modified_gmt":"2021-08-23T23:13:13","slug":"sulfato-de-potasio","status":"publish","type":"product","link":"https:\/\/www.possehl.mx\/en\/productos\/animal-feed\/sulfates\/sulfato-de-potasio\/","title":{"rendered":"SULFATO DE POTASIO"},"content":{"rendered":"<div class=\"wpb-content-wrapper\"><p>[vc_row][vc_column][vc_column_text text_larger=&#8221;no&#8221;]<\/p>\n<div>\n<div>\n<div>Sal pot\u00e1sica \u00a0del \u00e1cido sulf\u00farico cuya denominaci\u00f3n corresponde a la \u00a0arcanita.\u00a0Se presenta como una sal i\u00f3nica, s\u00f3lida incolora, granular cristalina de f\u00f3rmula qu\u00edmica K<sub>2<\/sub>SO<sub>4<\/sub>.<\/div>\n<\/div>\n<\/div>\n<p>[\/vc_column_text][\/vc_column][\/vc_row]<\/p>\n<\/div>","protected":false},"excerpt":{"rendered":"<p>Sal i\u00f3nica, s\u00f3lida incolora, granular cristalina de f\u00f3rmula qu\u00edmica K<sub>2<\/sub>SO<sub>4<\/sub>.<\/p>\n<p>El producto tiene una presentaci\u00f3n en sacos de:\u00a0Big Bag 1 TM, Sacos de 25 kg o granel.<\/p>\n","protected":false},"featured_media":4397,"template":"","meta":[],"product_brand":[],"product_cat":[130,95],"product_tag":[],"class_list":{"0":"post-9906","1":"product","2":"type-product","3":"status-publish","4":"has-post-thumbnail","6":"product_cat-sulfatos","7":"product_cat-nutricion-animal","9":"first","10":"instock","11":"downloadable","12":"product-type-simple"},"_links":{"self":[{"href":"https:\/\/www.possehl.mx\/en\/wp-json\/wp\/v2\/product\/9906","targetHints":{"allow":["GET"]}}],"collection":[{"href":"https:\/\/www.possehl.mx\/en\/wp-json\/wp\/v2\/product"}],"about":[{"href":"https:\/\/www.possehl.mx\/en\/wp-json\/wp\/v2\/types\/product"}],"wp:featuredmedia":[{"embeddable":true,"href":"https:\/\/www.possehl.mx\/en\/wp-json\/wp\/v2\/media\/4397"}],"wp:attachment":[{"href":"https:\/\/www.possehl.mx\/en\/wp-json\/wp\/v2\/media?parent=9906"}],"wp:term":[{"taxonomy":"product_brand","embeddable":true,"href":"https:\/\/www.possehl.mx\/en\/wp-json\/wp\/v2\/product_brand?post=9906"},{"taxonomy":"product_cat","embeddable":true,"href":"https:\/\/www.possehl.mx\/en\/wp-json\/wp\/v2\/product_cat?post=9906"},{"taxonomy":"product_tag","embeddable":true,"href":"https:\/\/www.possehl.mx\/en\/wp-json\/wp\/v2\/product_tag?post=9906"}],"curies":[{"name":"wp","href":"https:\/\/api.w.org\/{rel}","templated":true}]}}